{"id":508,"date":"2017-02-01T15:45:15","date_gmt":"2017-02-01T14:45:15","guid":{"rendered":"http:\/\/test.lktwg.com\/?page_id=508"},"modified":"2023-01-03T16:05:03","modified_gmt":"2023-01-03T15:05:03","slug":"o-nas","status":"publish","type":"page","link":"https:\/\/www.lktwg.com\/en\/o-nas\/","title":{"rendered":"O nas"},"content":{"rendered":"<style type=\"text\/css\"> \n#cmsmasters_row_69e4564f9bdd6 .cmsmasters_row_outer_parent { \n\tpadding-top: 0px; \n} \n\n#cmsmasters_row_69e4564f9bdd6 .cmsmasters_row_outer_parent { \n\tpadding-bottom: 50px; \n} \n\n \n#cmsmasters_row_69e4564f9c445 .cmsmasters_row_outer_parent { \n\tpadding-top: 0px; \n} \n\n#cmsmasters_row_69e4564f9c445 .cmsmasters_row_outer_parent { \n\tpadding-bottom: 50px; \n} \n\n<\/style><p><div id=\"cmsmasters_row_69e4564f9c445\" class=\"cmsmasters_row cmsmasters_color_scheme_default\">\n<div class=\"cmsmasters_row_outer_parent\">\n<div class=\"cmsmasters_row_outer\">\n<div class=\"cmsmasters_row_inner\">\n<div class=\"cmsmasters_row_margin\">\n<div class=\"cmsmasters_column one_first\">\n<div class=\"cmsmasters_text\">\n<h2>Spis tre\u015bci<\/h2>\n<ul>\n<li><a style=\"font-size: 16px;\" href=\"http:\/\/test.lktwg.com\/osiagniecia\/\">Osi\u0105gni\u0119cia<\/a><\/li>\n<li><a style=\"font-size: 16px;\" href=\"http:\/\/test.lktwg.com\/imprezy-historia\/\">Imprezy<\/a><\/li>\n<li><a style=\"font-size: 16px;\" href=\"http:\/\/test.lktwg.com\/historia-klubu\/\">Historia klubu<\/a>\n<ul>\n<li><a href=\"http:\/\/test.lktwg.com\/historia-klubu\/sztandar-klubowy\/\">Sztandar klubowy<\/a><\/li>\n<li><a href=\"http:\/\/test.lktwg.com\/historia-klubu\/szefowie-klubu\/\">Szefowie klubu<\/a><\/li>\n<\/ul>\n<\/li>\n<li><a style=\"font-size: 16px;\" href=\"http:\/\/test.lktwg.com\/zarzad\/\">Zarz\u0105d<\/a><\/li>\n<li><a style=\"font-size: 16px;\" href=\"http:\/\/test.lktwg.com\/wp-content\/uploads\/2017\/02\/statut.pdf\">Statut<\/a><\/li>\n<\/ul>\n<\/div>\n<\/div>\n<\/div>\n<\/div>\n<\/div>\n<\/div>\n<\/div>\n<\/p>","protected":false},"excerpt":{"rendered":"","protected":false},"author":1,"featured_media":0,"parent":0,"menu_order":0,"comment_status":"closed","ping_status":"closed","template":"","meta":[],"yoast_head":"<!-- This site is optimized with the Yoast SEO plugin v15.2.1 - https:\/\/yoast.com\/wordpress\/plugins\/seo\/ -->\n<title>O nas - LKT Wycz\u00f3\u0142 Go\u015bcieradz Polska<\/title>\n<meta name=\"description\" content=\"Informacje o klubie LKT Wycz\u00f3\u0142 Go\u015bcieradz.\" \/>\n<meta name=\"robots\" content=\"index, follow, max-snippet:-1, max-image-preview:large, max-video-preview:-1\" \/>\n<link rel=\"canonical\" href=\"https:\/\/www.lktwg.com\/o-nas\/\" \/>\n<meta property=\"og:locale\" content=\"en_US\" \/>\n<meta property=\"og:type\" content=\"article\" \/>\n<meta property=\"og:title\" content=\"O nas - LKT Wycz\u00f3\u0142 Go\u015bcieradz Polska\" \/>\n<meta property=\"og:description\" content=\"{:pl}Informacje o klubie LKT Wycz\u00f3\u0142 Go\u015bcieradz.{:}\" \/>\n<meta property=\"og:url\" content=\"https:\/\/www.lktwg.com\/o-nas\/\" \/>\n<meta property=\"og:site_name\" content=\"LKT Wycz\u00f3\u0142 Go\u015bcieradz Polska\" \/>\n<meta property=\"article:publisher\" content=\"https:\/\/www.facebook.com\/lktwyczol\/\" \/>\n<meta property=\"article:modified_time\" content=\"2023-01-03T15:05:03+00:00\" \/>\n<meta name=\"twitter:card\" content=\"summary\" \/>\n<meta name=\"twitter:label1\" content=\"Written by\">\n\t<meta name=\"twitter:data1\" content=\"admin\">\n\t<meta name=\"twitter:label2\" content=\"Est. reading time\">\n\t<meta name=\"twitter:data2\" content=\"1 minute\">\n<script type=\"application\/ld+json\" class=\"yoast-schema-graph\">{\"@context\":\"https:\/\/schema.org\",\"@graph\":[{\"@type\":\"WebSite\",\"@id\":\"https:\/\/www.lktwg.com\/en\/#website\",\"url\":\"https:\/\/www.lktwg.com\/en\/\",\"name\":\"LKT Wycz\\u00f3\\u0142 Go\\u015bcieradz Polska\",\"description\":\"Ludowy Klub Turystyczny\",\"potentialAction\":[{\"@type\":\"SearchAction\",\"target\":\"https:\/\/www.lktwg.com\/en\/?s={search_term_string}\",\"query-input\":\"required name=search_term_string\"}],\"inLanguage\":\"en-US\"},{\"@type\":\"WebPage\",\"@id\":\"https:\/\/www.lktwg.com\/o-nas\/#webpage\",\"url\":\"https:\/\/www.lktwg.com\/o-nas\/\",\"name\":\"O nas - LKT Wycz\\u00f3\\u0142 Go\\u015bcieradz Polska\",\"isPartOf\":{\"@id\":\"https:\/\/www.lktwg.com\/en\/#website\"},\"datePublished\":\"2017-02-01T14:45:15+00:00\",\"dateModified\":\"2023-01-03T15:05:03+00:00\",\"description\":\"{:pl}Informacje o klubie LKT Wycz\\u00f3\\u0142 Go\\u015bcieradz.{:}\",\"inLanguage\":\"en-US\",\"potentialAction\":[{\"@type\":\"ReadAction\",\"target\":[\"https:\/\/www.lktwg.com\/o-nas\/\"]}]}]}<\/script>\n<!-- \/ Yoast SEO plugin. -->","_links":{"self":[{"href":"https:\/\/www.lktwg.com\/en\/wp-json\/wp\/v2\/pages\/508"}],"collection":[{"href":"https:\/\/www.lktwg.com\/en\/wp-json\/wp\/v2\/pages"}],"about":[{"href":"https:\/\/www.lktwg.com\/en\/wp-json\/wp\/v2\/types\/page"}],"author":[{"embeddable":true,"href":"https:\/\/www.lktwg.com\/en\/wp-json\/wp\/v2\/users\/1"}],"replies":[{"embeddable":true,"href":"https:\/\/www.lktwg.com\/en\/wp-json\/wp\/v2\/comments?post=508"}],"version-history":[{"count":17,"href":"https:\/\/www.lktwg.com\/en\/wp-json\/wp\/v2\/pages\/508\/revisions"}],"predecessor-version":[{"id":4675,"href":"https:\/\/www.lktwg.com\/en\/wp-json\/wp\/v2\/pages\/508\/revisions\/4675"}],"wp:attachment":[{"href":"https:\/\/www.lktwg.com\/en\/wp-json\/wp\/v2\/media?parent=508"}],"curies":[{"name":"wp","href":"https:\/\/api.w.org\/{rel}","templated":true}]}}