{"id":347,"date":"2017-01-27T10:05:11","date_gmt":"2017-01-27T09:05:11","guid":{"rendered":"http:\/\/test.lktwg.com\/?page_id=347"},"modified":"2017-02-21T13:58:04","modified_gmt":"2017-02-21T12:58:04","slug":"sztandar-klubowy","status":"publish","type":"page","link":"https:\/\/www.lktwg.com\/en\/historia-klubu\/sztandar-klubowy\/","title":{"rendered":"Sztandar klubowy"},"content":{"rendered":"<p class=\"qtranxs-available-languages-message qtranxs-available-languages-message-en\">Sorry, this entry is only available in <a href=\"https:\/\/www.lktwg.com\/pl\/wp-json\/wp\/v2\/pages\/347\" class=\"qtranxs-available-language-link qtranxs-available-language-link-pl\" title=\"Polski\">Polish<\/a>. For the sake of viewer convenience, the content is shown below in the alternative language. You may click the link to switch the active language.<\/p><style type=\"text\/css\"> \n#cmsmasters_row_69ea364185b8c .cmsmasters_row_outer_parent { \n\tpadding-top: 0px; \n} \n\n#cmsmasters_row_69ea364185b8c .cmsmasters_row_outer_parent { \n\tpadding-bottom: 50px; \n} \n\n<\/style><p><div id=\"cmsmasters_row_69ea364185b8c\" class=\"cmsmasters_row cmsmasters_color_scheme_default\">\n<div class=\"cmsmasters_row_outer_parent\">\n<div class=\"cmsmasters_row_outer\">\n<div class=\"cmsmasters_row_inner\">\n<div class=\"cmsmasters_row_margin\">\n<div class=\"cmsmasters_column one_first\">\n<div class=\"cmsmasters_text\">\n<p>Do bardzo wa\u017cnych wydarze\u0144 w historii naszego klubu zaliczy\u0107 trzeba ufundowanie przez cz\u0142onk\u00f3w, sympatyk\u00f3w \u00a0i sponsor\u00f3w &#8211; Sztandaru Klubowego.Sztandar &#8211; dawna Chor\u0105giew &#8211; symbol s\u0142awy\u00a0 i tradycji oraz wierno\u015bci i honoru, stanowi symbol charakteryzuj\u0105cy godno\u015b\u0107 jednocz\u0105ca ludzi we wsp\u00f3lnych dzia\u0142aniach dla og\u00f3lnego dobra. Z \u00a0okazji 35-lecia dzia\u0142alno\u015bci Ludowego Klubu Turystycznego \u201eWycz\u00f3\u0142\u201d Go\u015bcieradz z g\u0142\u00f3wnej \u00a0inspiracji Kolegi Zbigniewa Gintera zatwierdzono projekt Sztandaru przez Walne Zebranie cz\u0142onk\u00f3w klubu w dniu 17 marca 1998 roku i zlecono Pracowni &#8211; \u00a0Zak\u0142ad Hafciarski Pa\u0144stwa Zalewskich w Bydgoszczy przy ul. Kwiatowej wykonanie \u00a0Sztandaru Klubowego. Awers sztandaru &#8211; znaczek klubowy na tle barw zielono-czerwonych, rewers sztandaru &#8211;\u00a0 na zielonym tle wyhaftowany autoportret Leona Wycz\u00f3\u0142kowskiego. Koszt wykonania Sztandaru 3.800,00 z\u0142otych. Uroczyste po\u015bwi\u0119cenie Sztandaru Klubowego odby\u0142o si\u0119 w dniu 7 listopada 1998 roku o godz. 16.00 podczas koncelebrowanej przez ksi\u0119\u017cy &#8211; Pra\u0142ata Kazimierza Kirszteina i Andrzeja Kuczy\u0144skiego Mszy \u015awi\u0119tej w ko\u015bciele parafialnym we Wtelnie. Podczas tej Mszy \u015awi\u0119tej\u00a0 Sztandar z honorami przekazany by\u0142 przez najstarszych wiekiem dzia\u0142aczy klubowych &#8211; Zenona Dorau, Zbigniewa Bethke oraz Zbigniewa Gintera prezesowi klubu Micha\u0142owi Chorz\u0119pie.<\/p>\n<p><strong>Zbigniew Ginter<\/strong>: \u201eRealizuj\u0105c wol\u0119 cz\u0142onk\u00f3w do ufundowania Sztandaru dla klubu jako reprezentanci pokolenia starszych dzia\u0142aczy naszego Klubu przekazujemy Panu \u2013 Panie Prezesie SZTANDAR Ludowego Klubu Turystycznego \u201eWycz\u00f3\u0142\u201d w Go\u015bcieradzu. Niech Sztandar ten b\u0119dzie symbolem dokona\u0144, sukces\u00f3w i osi\u0105gni\u0119\u0107 zawodnik\u00f3w i dzia\u0142aczy, kt\u00f3rzy nieprzerwanie od 1963 roku, czynili wszystko, aby nazwa Ludowy Klub Turystyczny WYCZ\u00d3\u0141 z\u0142otymi zg\u0142oskami wpisa\u0142 si\u0119 w pejza\u017c wsi Go\u015bcieradz, Ziemi Koronowskiej i naszej Ojczyzny w 35 leciu jego dzia\u0142alno\u015bci\u201d.<\/p>\n<p><strong>Micha\u0142 Chorz\u0119pa<\/strong>: \u201ePrzyjmuj\u0105c ten Sztandar, owoc ofiarno\u015bci cz\u0142onk\u00f3w i sympatyk\u00f3w naszego Klubu &#8211; przekazuj\u0119 Go w Wasze r\u0119ce, m\u0142odzi przyjaciele, jako symbol dorobku starszych koleg\u00f3w, kt\u00f3rzy w okresie 35 lecia dzia\u0142alno\u015bci swoj\u0105 codzienn\u0105, w trudzie i znoju, prac\u0105 zdobywali tytu\u0142y Mistrz\u00f3w Okr\u0119gu i Mistrz\u00f3w Polski, a startuj\u0105c w imprezach sportowych \u00a0i turystycznych na arenie mi\u0119dzynarodowej i krajowej rozs\u0142awiali dobre imi\u0119 \u201eWYCZ\u00d3\u0141A\u201d, Go\u015bcieradza i pi\u0119knej Ziemi Koronowskiej. Wyra\u017cam przekonanie, \u017ce Sztandar ten przekazuj\u0119 w godne r\u0119ce kontynuator\u00f3w tradycji i sukces\u00f3w naszego Klubu, a Wasze dotychczasowe osi\u0105gni\u0119cia i m\u0142odzie\u0144cza pasja sprawi\u0105, \u017ce dorobek Waszych Starszych koleg\u00f3w zostanie pomno\u017cony\u201d.<\/p>\n<p><strong>M\u0142odzi<\/strong>: \u201ePrzyrzekamy\u201d.<\/p>\n<p>Micha\u0142 Chorz\u0119pa z kolei przekaza\u0142 Sztandar m\u0142odszemu pokoleniu dzia\u0142aczy, kontynuatorom chlubnej historii klubu &#8211; Tomaszowi B\u0142a\u017cejewskiemu, \u0141ukaszowi Chorz\u0119pie oraz Bartoszowi Zwolanowskiemu. W dniu 21 listopada 1998 roku o godz. 10.30 w Sali Sesyjnej Rady Miejskiej w Koronowie, odby\u0142a si\u0119 Jubileuszowa Akademia Klubowa, \u00a0podczas kt\u00f3rej mi\u0119dzy innymi\u00a0 dokonano wbicia symbolicznego gwo\u017adzia do drzewca Sztandaru. Prezes Klubu Micha\u0142a Chorz\u0119pa: \u201epo raz pierwszy w historii uroczy\u015bcie na dzisiejsz\u0105 akademi\u0119 jubileuszow\u0105 wprowadzili\u015bmy nowo ufundowany Sztandar Klubowy. Szczeg\u00f3lne zas\u0142ugi w ufundowaniu Sztandaru maj\u0105 inicjatorzy uczczenia w ten spos\u00f3b dorobku 35 lecia klubu, jaki i r\u00f3wnie\u017c fundatorzy, kt\u00f3rych konkretny wk\u0142ad finansowy pozwoli\u0142 na realizacj\u0119 tego\u017c zamierzenia. W tym momencie poprzez wbicie do jego drzewca symbolicznego gwo\u017adzia pogniemy uhonorowa\u0107 wszystkich fundator\u00f3w Sztandaru, zatem prosz\u0119 kolejno przedstawicieli o dokonanie tej ceremonii:<\/p>\n<ul>\n<li>w imieniu cz\u0142onk\u00f3w naszego klubu &#8211; Pana Zbigniewa Gintera &#8211; g\u0142\u00f3wnego inicjatora ufundowania Sztandaru Klubowego,<\/li>\n<li>w imieniu w\u0142asnym &#8211; Pana \u00a0Czes\u0142awa Zab\u0142ockiego z Koronowa,<\/li>\n<li>w imieniu Urz\u0119du Miejskiego w Koronowie &#8211; Pana Jana\u00a0 Klapczy\u0144skiego \u2013 Wiceburmistrza Koronowa,<\/li>\n<li>w imieniu Zarz\u0105du G\u0142\u00f3wnego Polskiego Zwi\u0105zku Motorowego &#8211; Pana Miros\u0142awa Zdanowicza &#8211; cz\u0142onka Prezydium ZG PZM W-wa,<\/li>\n<li>w\u00a0imieniu Towarzystwa Ubezpiecze\u0144 i Reasekuracji WARTA SA &#8211; Pana Wies\u0142awa bednarka &#8211; Dyrektora Oddzia\u0142u Bydgoszcz,<\/li>\n<li>w\u00a0imieniu Banku Sp\u00f3\u0142dzielczego Koronowo &#8211; Pana Ignacego Januszewskiego &#8211; cz\u0142onka zarz\u0105du Banku,<\/li>\n<li>w imieniu Sp\u00f3\u0142dzielni ROLNIK we Wtelnie &#8211; Pana Ludwika Szwest\u0119 &#8211; cz\u0142onka Zarz\u0105du tej sp\u00f3\u0142dzielni\u201d.<\/li>\n<\/ul>\n<p>Ka\u017cdy sponsor na drzewcu Sztandaru ma okoliczno\u015bciow\u0105 tabliczk\u0119, tzw. gw\u00f3\u017ad\u017a. Miejsce przechowywania Sztandaru: \u00a0&#8211; \u015awietlica Wiejska Go\u015bcieradz (siedziba klubu). Sztandar Klubowy odznaczony &#8211; udekorowany \u00a0dnia:\u00a0<strong>&#8211; 19.07.2003<\/strong> &#8211; Odznak\u0105 Honorow\u0105 \u00a0\u201eZa Zas\u0142ugi dla Turystyki\u201d przez Wicewojewod\u0119 Kujawsko-Pomorskiego Pana \u00a0Arkadiusza Horonziaka (decyzja Ministra Gospodarki, Pracy i Spraw Socjalnych, Warszawa dnia 15.01.2003 roku),\u00a0<strong>&#8211; 11.05.2013<\/strong> &#8211; Odznak\u0105 Honorow\u0105 \u00a0\u201eZa Zas\u0142ugi dla Wojew\u00f3dztwa Kujawsko-Pomorskiego\u201d przez Radnego Sejmiku Wojew\u00f3dztwa Pana Leszka \u00a0Lewandowskiego (decyzja Sejmiku Wojew\u00f3dztwa Kujawsko-Pomorskiego, Toru\u0144\u00a0 dnia 25.03.2013 roku).<\/p>\n<p><em>Opracowa\u0142: Micha\u0142 Chorz\u0119pa<\/em><\/p>\n<\/div>\n<\/div>\n<\/div>\n<\/div>\n<\/div>\n<\/div>\n<\/div>\n<\/p>","protected":false},"excerpt":{"rendered":"","protected":false},"author":1,"featured_media":0,"parent":337,"menu_order":0,"comment_status":"closed","ping_status":"closed","template":"","meta":[],"yoast_head":"<!-- This site is optimized with the Yoast SEO plugin v15.2.1 - https:\/\/yoast.com\/wordpress\/plugins\/seo\/ -->\n<title>Sztandar klubowy - LKT Wycz\u00f3\u0142 Go\u015bcieradz Polska<\/title>\n<meta name=\"robots\" content=\"index, follow, max-snippet:-1, max-image-preview:large, max-video-preview:-1\" \/>\n<link rel=\"canonical\" href=\"https:\/\/www.lktwg.com\/historia-klubu\/sztandar-klubowy\/\" \/>\n<meta property=\"og:locale\" content=\"en_US\" \/>\n<meta property=\"og:type\" content=\"article\" \/>\n<meta property=\"og:title\" content=\"Sztandar klubowy - LKT Wycz\u00f3\u0142 Go\u015bcieradz Polska\" \/>\n<meta property=\"og:url\" content=\"https:\/\/www.lktwg.com\/historia-klubu\/sztandar-klubowy\/\" \/>\n<meta property=\"og:site_name\" content=\"LKT Wycz\u00f3\u0142 Go\u015bcieradz Polska\" \/>\n<meta property=\"article:publisher\" content=\"https:\/\/www.facebook.com\/lktwyczol\/\" \/>\n<meta property=\"article:modified_time\" content=\"2017-02-21T12:58:04+00:00\" \/>\n<meta name=\"twitter:card\" content=\"summary\" \/>\n<meta name=\"twitter:label1\" content=\"Written by\">\n\t<meta name=\"twitter:data1\" content=\"admin\">\n\t<meta name=\"twitter:label2\" content=\"Est. reading time\">\n\t<meta name=\"twitter:data2\" content=\"3 minutes\">\n<script type=\"application\/ld+json\" class=\"yoast-schema-graph\">{\"@context\":\"https:\/\/schema.org\",\"@graph\":[{\"@type\":\"WebSite\",\"@id\":\"https:\/\/www.lktwg.com\/en\/#website\",\"url\":\"https:\/\/www.lktwg.com\/en\/\",\"name\":\"LKT Wycz\\u00f3\\u0142 Go\\u015bcieradz Polska\",\"description\":\"Ludowy Klub Turystyczny\",\"potentialAction\":[{\"@type\":\"SearchAction\",\"target\":\"https:\/\/www.lktwg.com\/en\/?s={search_term_string}\",\"query-input\":\"required name=search_term_string\"}],\"inLanguage\":\"en-US\"},{\"@type\":\"WebPage\",\"@id\":\"https:\/\/www.lktwg.com\/historia-klubu\/sztandar-klubowy\/#webpage\",\"url\":\"https:\/\/www.lktwg.com\/historia-klubu\/sztandar-klubowy\/\",\"name\":\"Sztandar klubowy - LKT Wycz\\u00f3\\u0142 Go\\u015bcieradz Polska\",\"isPartOf\":{\"@id\":\"https:\/\/www.lktwg.com\/en\/#website\"},\"datePublished\":\"2017-01-27T09:05:11+00:00\",\"dateModified\":\"2017-02-21T12:58:04+00:00\",\"inLanguage\":\"en-US\",\"potentialAction\":[{\"@type\":\"ReadAction\",\"target\":[\"https:\/\/www.lktwg.com\/historia-klubu\/sztandar-klubowy\/\"]}]}]}<\/script>\n<!-- \/ Yoast SEO plugin. -->","_links":{"self":[{"href":"https:\/\/www.lktwg.com\/en\/wp-json\/wp\/v2\/pages\/347"}],"collection":[{"href":"https:\/\/www.lktwg.com\/en\/wp-json\/wp\/v2\/pages"}],"about":[{"href":"https:\/\/www.lktwg.com\/en\/wp-json\/wp\/v2\/types\/page"}],"author":[{"embeddable":true,"href":"https:\/\/www.lktwg.com\/en\/wp-json\/wp\/v2\/users\/1"}],"replies":[{"embeddable":true,"href":"https:\/\/www.lktwg.com\/en\/wp-json\/wp\/v2\/comments?post=347"}],"version-history":[{"count":4,"href":"https:\/\/www.lktwg.com\/en\/wp-json\/wp\/v2\/pages\/347\/revisions"}],"predecessor-version":[{"id":524,"href":"https:\/\/www.lktwg.com\/en\/wp-json\/wp\/v2\/pages\/347\/revisions\/524"}],"up":[{"embeddable":true,"href":"https:\/\/www.lktwg.com\/en\/wp-json\/wp\/v2\/pages\/337"}],"wp:attachment":[{"href":"https:\/\/www.lktwg.com\/en\/wp-json\/wp\/v2\/media?parent=347"}],"curies":[{"name":"wp","href":"https:\/\/api.w.org\/{rel}","templated":true}]}}