{"id":339,"date":"2017-01-27T09:50:32","date_gmt":"2017-01-27T08:50:32","guid":{"rendered":"http:\/\/test.lktwg.com\/?page_id=339"},"modified":"2023-03-08T20:45:57","modified_gmt":"2023-03-08T19:45:57","slug":"zarzad","status":"publish","type":"page","link":"https:\/\/www.lktwg.com\/en\/zarzad\/","title":{"rendered":"Zarz\u0105d"},"content":{"rendered":"<p class=\"qtranxs-available-languages-message qtranxs-available-languages-message-en\">Sorry, this entry is only available in <a href=\"https:\/\/www.lktwg.com\/pl\/wp-json\/wp\/v2\/pages\/339\" class=\"qtranxs-available-language-link qtranxs-available-language-link-pl\" title=\"Polski\">Polish<\/a>. For the sake of viewer convenience, the content is shown below in the alternative language. You may click the link to switch the active language.<\/p><style type=\"text\/css\"> \n#cmsmasters_row_69ea364788dde .cmsmasters_row_outer_parent { \n\tpadding-top: 0px; \n} \n\n#cmsmasters_row_69ea364788dde .cmsmasters_row_outer_parent { \n\tpadding-bottom: 50px; \n} \n\n \n#cmsmasters_row_69ea364788f69 .cmsmasters_row_outer_parent { \n\tpadding-top: 0px; \n} \n\n#cmsmasters_row_69ea364788f69 .cmsmasters_row_outer_parent { \n\tpadding-bottom: 50px; \n} \n\n \n#cmsmasters_row_69ea364789b5b .cmsmasters_row_outer_parent { \n\tpadding-top: 0px; \n} \n\n#cmsmasters_row_69ea364789b5b .cmsmasters_row_outer_parent { \n\tpadding-bottom: 50px; \n} \n\n \n#cmsmasters_row_69ea36478a0a6 .cmsmasters_row_outer_parent { \n\tpadding-top: 0px; \n} \n\n#cmsmasters_row_69ea36478a0a6 .cmsmasters_row_outer_parent { \n\tpadding-bottom: 50px; \n} \n\n \n#cmsmasters_divider_69ea36478a184 { \n\tborder-bottom-width:1px; \n\tborder-bottom-style:dashed; \n\tpadding-top:15px; \n\tmargin-bottom:15px; \n} \n \n#cmsmasters_row_69ea36478a24a .cmsmasters_row_outer_parent { \n\tpadding-top: 0px; \n} \n\n#cmsmasters_row_69ea36478a24a .cmsmasters_row_outer_parent { \n\tpadding-bottom: 50px; \n} \n\n \n#cmsmasters_row_69ea36478a417 .cmsmasters_row_outer_parent { \n\tpadding-top: 0px; \n} \n\n#cmsmasters_row_69ea36478a417 .cmsmasters_row_outer_parent { \n\tpadding-bottom: 50px; \n} \n\n \n#cmsmasters_row_69ea36478a9a3 .cmsmasters_row_outer_parent { \n\tpadding-top: 0px; \n} \n\n#cmsmasters_row_69ea36478a9a3 .cmsmasters_row_outer_parent { \n\tpadding-bottom: 50px; \n} \n\n \n#cmsmasters_row_69ea36478ae19 .cmsmasters_row_outer_parent { \n\tpadding-top: 0px; \n} \n\n#cmsmasters_row_69ea36478ae19 .cmsmasters_row_outer_parent { \n\tpadding-bottom: 50px; \n} \n\n \n#cmsmasters_divider_69ea36478aedd { \n\tborder-bottom-width:1px; \n\tborder-bottom-style:dashed; \n\tpadding-top:15px; \n\tmargin-bottom:15px; \n} \n<\/style><p><div id=\"cmsmasters_row_69ea364788dde\" class=\"cmsmasters_row cmsmasters_color_scheme_default\">\n<div class=\"cmsmasters_row_outer_parent\">\n<div class=\"cmsmasters_row_outer\">\n<div class=\"cmsmasters_row_inner\">\n<div class=\"cmsmasters_row_margin\">\n<div class=\"cmsmasters_column one_first\">\n<div class=\"cmsmasters_text\">\n<h2 style=\"text-align: center;\">Zarz\u0105d<\/h2>\n<\/div>\n<\/div>\n<\/div>\n<\/div>\n<\/div>\n<\/div>\n<\/div>\n<div id=\"cmsmasters_row_69ea364788f69\" class=\"cmsmasters_row cmsmasters_color_scheme_default\">\n<div class=\"cmsmasters_row_outer_parent\">\n<div class=\"cmsmasters_row_outer\">\n<div class=\"cmsmasters_row_inner\">\n<div class=\"cmsmasters_row_margin\">\n<div class=\"cmsmasters_column one_third\">\n<div class=\"aligncenter\">\n<div class=\"cmsmasters_img  cmsmasters_image_c\">\n<img src=\"https:\/\/www.lktwg.com\/wp-content\/uploads\/2017\/01\/nobody_m.original-300x300.jpg\" alt=\"\" \/>\n<\/div>\n<\/div>\n<div class=\"cmsmasters_text\">\n<h4 style=\"text-align: center;\"><strong>Bartosz Zwolanowski<\/strong><\/h4>\n<p style=\"text-align: center;\"><strong><span style=\"color: #828282;\">PREZES KLUBU<\/span><\/strong><\/p>\n<\/div>\n<\/div>\n<div class=\"cmsmasters_column one_third\">\n<div class=\"aligncenter\">\n<div class=\"cmsmasters_img  cmsmasters_image_c\">\n<img src=\"https:\/\/www.lktwg.com\/wp-content\/uploads\/2017\/01\/nobody_m.original-300x300.jpg\" alt=\"\" \/>\n<\/div>\n<\/div>\n<div class=\"cmsmasters_text\">\n<h4 style=\"text-align: center;\"><strong>\u0141ukasz Chorz\u0119pa<\/strong><\/h4>\n<p style=\"text-align: center;\"><span style=\"color: #828282;\"><strong>WICEPREZES DS. SPORTOWYCH<\/strong><\/span><\/p>\n<\/div>\n<\/div>\n<div class=\"cmsmasters_column one_third\">\n<div class=\"aligncenter\">\n<div class=\"cmsmasters_img  cmsmasters_image_c\">\n<img src=\"https:\/\/www.lktwg.com\/wp-content\/uploads\/2017\/01\/nobody_m.original-300x300.jpg\" alt=\"\" \/>\n<\/div>\n<\/div>\n<div class=\"cmsmasters_text\">\n<h4 style=\"text-align: center;\"><strong>Andrzej Szwesta<\/strong><\/h4>\n<p style=\"text-align: center;\"><strong><span style=\"color: #828282;\">WICEPREZES DS. ORGANIZACYJNYCH<\/span><\/strong><\/p>\n<\/div>\n<\/div>\n<\/div>\n<\/div>\n<\/div>\n<\/div>\n<\/div>\n<div id=\"cmsmasters_row_69ea364789b5b\" class=\"cmsmasters_row cmsmasters_color_scheme_default\">\n<div class=\"cmsmasters_row_outer_parent\">\n<div class=\"cmsmasters_row_outer\">\n<div class=\"cmsmasters_row_inner\">\n<div class=\"cmsmasters_row_margin\">\n<div class=\"cmsmasters_column one_third\">\n<div class=\"aligncenter\">\n<div class=\"cmsmasters_img  cmsmasters_image_c\">\n<img src=\"https:\/\/www.lktwg.com\/wp-content\/uploads\/2017\/01\/nobody_m.original-300x300.jpg\" alt=\"\" \/>\n<\/div>\n<\/div>\n<div class=\"cmsmasters_text\">\n<h4 style=\"text-align: center;\"><strong>Piotr Kopczy\u0144ski<\/strong><\/h4>\n<p style=\"text-align: center;\"><strong><span style=\"color: #828282;\">SKARBNIK<\/span><\/strong><\/p>\n<\/div>\n<\/div>\n<div class=\"cmsmasters_column one_third\">\n<div class=\"aligncenter\">\n<div class=\"cmsmasters_img  cmsmasters_image_c\">\n<img src=\"https:\/\/www.lktwg.com\/wp-content\/uploads\/2017\/01\/nobody_m.original-300x300.jpg\" alt=\"\" \/>\n<\/div>\n<\/div>\n<div class=\"cmsmasters_text\">\n<h4 style=\"text-align: center;\"><strong>Robert Ma\u0142ek<\/strong><\/h4>\n<p style=\"text-align: center;\"><strong><span style=\"color: #828282;\">SEKRETARZ<\/span><\/strong><\/p>\n<\/div>\n<\/div>\n<div class=\"cmsmasters_column one_third\">\n<\/div>\n<\/div>\n<\/div>\n<\/div>\n<\/div>\n<\/div>\n<div id=\"cmsmasters_row_69ea36478a0a6\" class=\"cmsmasters_row cmsmasters_color_scheme_default\">\n<div class=\"cmsmasters_row_outer_parent\">\n<div class=\"cmsmasters_row_outer\">\n<div class=\"cmsmasters_row_inner\">\n<div class=\"cmsmasters_row_margin\">\n<div class=\"cmsmasters_column one_first\">\n\n<div id=\"cmsmasters_divider_69ea36478a184\" class=\"cmsmasters_divider cmsmasters_divider_width_long cmsmasters_divider_pos_center\"><\/div>\n<\/div>\n<\/div>\n<\/div>\n<\/div>\n<\/div>\n<\/div>\n<div id=\"cmsmasters_row_69ea36478a24a\" class=\"cmsmasters_row cmsmasters_color_scheme_default\">\n<div class=\"cmsmasters_row_outer_parent\">\n<div class=\"cmsmasters_row_outer\">\n<div class=\"cmsmasters_row_inner\">\n<div class=\"cmsmasters_row_margin\">\n<div class=\"cmsmasters_column one_first\">\n<div class=\"cmsmasters_text\">\n<h2 style=\"text-align: center;\">Cz\u0142onkowie zarz\u0105du<\/h2>\n<\/div>\n<\/div>\n<\/div>\n<\/div>\n<\/div>\n<\/div>\n<\/div>\n<div id=\"cmsmasters_row_69ea36478a417\" class=\"cmsmasters_row cmsmasters_color_scheme_default\">\n<div class=\"cmsmasters_row_outer_parent\">\n<div class=\"cmsmasters_row_outer\">\n<div class=\"cmsmasters_row_inner\">\n<div class=\"cmsmasters_row_margin\">\n<div class=\"cmsmasters_column one_third\">\n<div class=\"aligncenter\">\n<div class=\"cmsmasters_img  cmsmasters_image_c\">\n<img src=\"https:\/\/www.lktwg.com\/wp-content\/uploads\/2017\/01\/nobody_m.original-300x300.jpg\" alt=\"\" \/>\n<\/div>\n<\/div>\n<div class=\"cmsmasters_text\">\n<h4 style=\"text-align: center;\"><strong>Tomasz B\u0142a\u017cejewski<\/strong><\/h4>\n<\/div>\n<\/div>\n<div class=\"cmsmasters_column one_third\">\n<div class=\"aligncenter\">\n<div class=\"cmsmasters_img  cmsmasters_image_c\">\n<img src=\"https:\/\/www.lktwg.com\/wp-content\/uploads\/2017\/01\/nobody_m.original-300x300.jpg\" alt=\"\" \/>\n<\/div>\n<\/div>\n<div class=\"cmsmasters_text\">\n<h4 style=\"text-align: center;\"><strong>Wojciech Burzych<\/strong><\/h4>\n<\/div>\n<\/div>\n<div class=\"cmsmasters_column one_third\">\n<div class=\"aligncenter\">\n<div class=\"cmsmasters_img  cmsmasters_image_c\">\n<img src=\"https:\/\/www.lktwg.com\/wp-content\/uploads\/2017\/01\/nobody_m.original-300x300.jpg\" alt=\"\" \/>\n<\/div>\n<\/div>\n<div class=\"cmsmasters_text\">\n<h4 style=\"text-align: center;\"><strong>Micha\u0142 Chorz\u0119pa<\/strong><\/h4>\n<\/div>\n<\/div>\n<\/div>\n<\/div>\n<\/div>\n<\/div>\n<\/div>\n<div id=\"cmsmasters_row_69ea36478a9a3\" class=\"cmsmasters_row cmsmasters_color_scheme_default\">\n<div class=\"cmsmasters_row_outer_parent\">\n<div class=\"cmsmasters_row_outer\">\n<div class=\"cmsmasters_row_inner\">\n<div class=\"cmsmasters_row_margin\">\n<div class=\"cmsmasters_column one_third\">\n<div class=\"aligncenter\">\n<div class=\"cmsmasters_img  cmsmasters_image_c\">\n<img src=\"https:\/\/www.lktwg.com\/wp-content\/uploads\/2017\/01\/nobody_m.original-300x300.jpg\" alt=\"\" \/>\n<\/div>\n<\/div>\n<div class=\"cmsmasters_text\">\n<h4 style=\"text-align: center;\"><strong>Marcin Gagacki<\/strong><\/h4>\n<\/div>\n<\/div>\n<div class=\"cmsmasters_column one_third\">\n<div class=\"aligncenter\">\n<div class=\"cmsmasters_img  cmsmasters_image_c\">\n<img src=\"https:\/\/www.lktwg.com\/wp-content\/uploads\/2017\/01\/nobody_m.original-300x300.jpg\" alt=\"\" \/>\n<\/div>\n<\/div>\n<div class=\"cmsmasters_text\">\n<h4 style=\"text-align: center;\"><strong>Boles\u0142aw Zwolanowski<\/strong><\/h4>\n<\/div>\n<\/div>\n<div class=\"cmsmasters_column one_third\">\n<\/div>\n<\/div>\n<\/div>\n<\/div>\n<\/div>\n<\/div>\n<div id=\"cmsmasters_row_69ea36478ae19\" class=\"cmsmasters_row cmsmasters_color_scheme_default\">\n<div class=\"cmsmasters_row_outer_parent\">\n<div class=\"cmsmasters_row_outer\">\n<div class=\"cmsmasters_row_inner\">\n<div class=\"cmsmasters_row_margin\">\n<div class=\"cmsmasters_column one_first\">\n\n<div id=\"cmsmasters_divider_69ea36478aedd\" class=\"cmsmasters_divider cmsmasters_divider_width_long cmsmasters_divider_pos_center\"><\/div>\n<\/div>\n<\/div>\n<\/div>\n<\/div>\n<\/div>\n<\/div>\n<\/p>","protected":false},"excerpt":{"rendered":"","protected":false},"author":1,"featured_media":0,"parent":0,"menu_order":0,"comment_status":"closed","ping_status":"closed","template":"","meta":[],"yoast_head":"<!-- This site is optimized with the Yoast SEO plugin v15.2.1 - https:\/\/yoast.com\/wordpress\/plugins\/seo\/ -->\n<title>Zarz\u0105d - LKT Wycz\u00f3\u0142 Go\u015bcieradz Polska<\/title>\n<meta name=\"robots\" content=\"index, follow, max-snippet:-1, max-image-preview:large, max-video-preview:-1\" \/>\n<link rel=\"canonical\" href=\"https:\/\/www.lktwg.com\/zarzad\/\" \/>\n<meta property=\"og:locale\" content=\"en_US\" \/>\n<meta property=\"og:type\" content=\"article\" \/>\n<meta property=\"og:title\" content=\"Zarz\u0105d - LKT Wycz\u00f3\u0142 Go\u015bcieradz Polska\" \/>\n<meta property=\"og:url\" content=\"https:\/\/www.lktwg.com\/zarzad\/\" \/>\n<meta property=\"og:site_name\" content=\"LKT Wycz\u00f3\u0142 Go\u015bcieradz Polska\" \/>\n<meta property=\"article:publisher\" content=\"https:\/\/www.facebook.com\/lktwyczol\/\" \/>\n<meta property=\"article:modified_time\" content=\"2023-03-08T19:45:57+00:00\" \/>\n<meta name=\"twitter:card\" content=\"summary\" \/>\n<meta name=\"twitter:label1\" content=\"Written by\">\n\t<meta name=\"twitter:data1\" content=\"admin\">\n\t<meta name=\"twitter:label2\" content=\"Est. reading time\">\n\t<meta name=\"twitter:data2\" content=\"3 minutes\">\n<script type=\"application\/ld+json\" class=\"yoast-schema-graph\">{\"@context\":\"https:\/\/schema.org\",\"@graph\":[{\"@type\":\"WebSite\",\"@id\":\"https:\/\/www.lktwg.com\/en\/#website\",\"url\":\"https:\/\/www.lktwg.com\/en\/\",\"name\":\"LKT Wycz\\u00f3\\u0142 Go\\u015bcieradz Polska\",\"description\":\"Ludowy Klub Turystyczny\",\"potentialAction\":[{\"@type\":\"SearchAction\",\"target\":\"https:\/\/www.lktwg.com\/en\/?s={search_term_string}\",\"query-input\":\"required name=search_term_string\"}],\"inLanguage\":\"en-US\"},{\"@type\":\"WebPage\",\"@id\":\"https:\/\/www.lktwg.com\/zarzad\/#webpage\",\"url\":\"https:\/\/www.lktwg.com\/zarzad\/\",\"name\":\"Zarz\\u0105d - LKT Wycz\\u00f3\\u0142 Go\\u015bcieradz Polska\",\"isPartOf\":{\"@id\":\"https:\/\/www.lktwg.com\/en\/#website\"},\"datePublished\":\"2017-01-27T08:50:32+00:00\",\"dateModified\":\"2023-03-08T19:45:57+00:00\",\"inLanguage\":\"en-US\",\"potentialAction\":[{\"@type\":\"ReadAction\",\"target\":[\"https:\/\/www.lktwg.com\/zarzad\/\"]}]}]}<\/script>\n<!-- \/ Yoast SEO plugin. -->","_links":{"self":[{"href":"https:\/\/www.lktwg.com\/en\/wp-json\/wp\/v2\/pages\/339"}],"collection":[{"href":"https:\/\/www.lktwg.com\/en\/wp-json\/wp\/v2\/pages"}],"about":[{"href":"https:\/\/www.lktwg.com\/en\/wp-json\/wp\/v2\/types\/page"}],"author":[{"embeddable":true,"href":"https:\/\/www.lktwg.com\/en\/wp-json\/wp\/v2\/users\/1"}],"replies":[{"embeddable":true,"href":"https:\/\/www.lktwg.com\/en\/wp-json\/wp\/v2\/comments?post=339"}],"version-history":[{"count":9,"href":"https:\/\/www.lktwg.com\/en\/wp-json\/wp\/v2\/pages\/339\/revisions"}],"predecessor-version":[{"id":4761,"href":"https:\/\/www.lktwg.com\/en\/wp-json\/wp\/v2\/pages\/339\/revisions\/4761"}],"wp:attachment":[{"href":"https:\/\/www.lktwg.com\/en\/wp-json\/wp\/v2\/media?parent=339"}],"curies":[{"name":"wp","href":"https:\/\/api.w.org\/{rel}","templated":true}]}}