{"id":337,"date":"2017-01-27T09:50:07","date_gmt":"2017-01-27T08:50:07","guid":{"rendered":"http:\/\/test.lktwg.com\/?page_id=337"},"modified":"2017-03-12T09:30:40","modified_gmt":"2017-03-12T08:30:40","slug":"historia-klubu","status":"publish","type":"page","link":"https:\/\/www.lktwg.com\/en\/historia-klubu\/","title":{"rendered":"Club&#8217;s history"},"content":{"rendered":"<style type=\"text\/css\"> \n#cmsmasters_row_69dbb93348ec8 .cmsmasters_row_outer_parent { \n\tpadding-top: 0px; \n} \n\n#cmsmasters_row_69dbb93348ec8 .cmsmasters_row_outer_parent { \n\tpadding-bottom: 50px; \n} \n\n \n#cmsmasters_row_69dbb93349f7e .cmsmasters_row_outer_parent { \n\tpadding-top: 0px; \n} \n\n#cmsmasters_row_69dbb93349f7e .cmsmasters_row_outer_parent { \n\tpadding-bottom: 50px; \n} \n\n<\/style><p><div id=\"cmsmasters_row_69dbb93349f7e\" class=\"cmsmasters_row cmsmasters_color_scheme_default\">\n<div class=\"cmsmasters_row_outer_parent\">\n<div class=\"cmsmasters_row_outer\">\n<div class=\"cmsmasters_row_inner\">\n<div class=\"cmsmasters_row_margin\">\n<div class=\"cmsmasters_column one_first\">\n<div class=\"cmsmasters_text\">\n<h2>History of club LKT Wycz\u00f3\u0142 Go\u015bcieradz<\/h2>\n<p><strong>LKT \u201cWycz\u00f3l\u201d<\/strong> \u2013 where is this name from? &#8211; ask those who hear about our club for the first time. In our Goscieradz town, to this very day we continue the living tradition of our great master, \u201cYoung Poland\u2019s\u201d great painter and Cracow ASP professor, Leona Wycz\u00f3\u0142kowski. When in 1936, from the initiative of three friends Henryk S\u0142ysz, Eugeniusz G\u00f3rski and Micha\u0142 Chorz\u0119pa, Ludowy Zesp\u00f3\u0142 Sportowy (LZS) [Peoples\u2019 Sport Association] had been founded, for the long time it had been a riddle of how this new club should be named. It was well understood that it needs to bea name that would be somehow linked with this creator of such great masterpieces like &#8220;Kopanie burak\u00f3w&#8221; [\u201cPulling Beets\u201d] or &#8220;Rybacy&#8221; [\u201cFishermen\u201d]. Finally we probably had a spot on. WYCZ\u00d3\u0141 \u2013 just as Leon Wycz\u00f3\u0142kowsk has used to sign his great creations. This name is untypical, intriguing and at the same time for over 45 years preserver the memory of such a great men. Under this name \u201cLudowy Zesp\u00f3\u0142 Sportowy Wycz\u00f3\u0142 Go\u015bcieradz\u201d [\u201cPeoples Sport Association Wycz\u00f3\u0142 Go\u015bcieradz\u201d] we were registered on 25 th August 1063 in Rada Powiatowa Zrzeszenia LZS w Bydgoszcz [County Council LZS Association in Bydgoszcz].<\/p>\n<p>For a start of our LZS, our activity has been focused on organising sport activities for the country youth like table tennis, athletics, archery and other recreational games. We have been taking part in the events on the county or voivodeship level with quite a few victories in various sport tournaments. But those where not the disciplines for our growing up youngsters, which already started showing more interest in developing motorist tourism and, a very trendy at the time \u2013 kayak tourism.<\/p>\n<p>Common youth trips, rallies and kayak trips on Brda river, common jolly time spending amongst peers &#8211; this was the so called bull\u2019s eye. \u00a0Popular motorcycling events called \u201cMotorcycling Polish Cup\u201d organised by us, had proven that in our environment there are many talented young competitors, capable of competing successfully with many, more experienced rivals from other clubs in the voivodeship region. It needs to be emphasized that today\u2019s profile of operations: motor sports can be actually dedicated to the one meeting in year 1968 of two people: Jerzy Nawrocki and Micha\u0142 Chorz\u0119pa. Not much later in Go\u015bcieradz and its neighbourhood one could hear the \u2018roar\u2019 of a professional motorcycle engines and the effects following up that meeting are still present up to this day, despite of some different organisational or financial issues.<\/p>\n<\/div>\n<\/div>\n<\/div>\n<\/div>\n<\/div>\n<\/div>\n<\/div>\n<\/p>","protected":false},"excerpt":{"rendered":"","protected":false},"author":1,"featured_media":0,"parent":0,"menu_order":0,"comment_status":"closed","ping_status":"closed","template":"","meta":[],"yoast_head":"<!-- This site is optimized with the Yoast SEO plugin v15.2.1 - https:\/\/yoast.com\/wordpress\/plugins\/seo\/ -->\n<title>Club&#039;s history - LKT Wycz\u00f3\u0142 Go\u015bcieradz Polska<\/title>\n<meta name=\"description\" content=\"Historia klubu LKT Wycz\u00f3\u0142 Go\u015bcieradz od 1963 roku.\" \/>\n<meta name=\"robots\" content=\"index, follow, max-snippet:-1, max-image-preview:large, max-video-preview:-1\" \/>\n<link rel=\"canonical\" href=\"https:\/\/www.lktwg.com\/historia-klubu\/\" \/>\n<meta property=\"og:locale\" content=\"en_US\" \/>\n<meta property=\"og:type\" content=\"article\" \/>\n<meta property=\"og:title\" content=\"Club&#039;s history - LKT Wycz\u00f3\u0142 Go\u015bcieradz Polska\" \/>\n<meta property=\"og:description\" content=\"Historia klubu LKT Wycz\u00f3\u0142 Go\u015bcieradz od 1963 roku.\" \/>\n<meta property=\"og:url\" content=\"https:\/\/www.lktwg.com\/historia-klubu\/\" \/>\n<meta property=\"og:site_name\" content=\"LKT Wycz\u00f3\u0142 Go\u015bcieradz Polska\" \/>\n<meta property=\"article:publisher\" content=\"https:\/\/www.facebook.com\/lktwyczol\/\" \/>\n<meta property=\"article:modified_time\" content=\"2017-03-12T08:30:40+00:00\" \/>\n<meta name=\"twitter:card\" content=\"summary\" \/>\n<meta name=\"twitter:label1\" content=\"Written by\">\n\t<meta name=\"twitter:data1\" content=\"admin\">\n\t<meta name=\"twitter:label2\" content=\"Est. reading time\">\n\t<meta name=\"twitter:data2\" content=\"7 minutes\">\n<script type=\"application\/ld+json\" class=\"yoast-schema-graph\">{\"@context\":\"https:\/\/schema.org\",\"@graph\":[{\"@type\":\"WebSite\",\"@id\":\"https:\/\/www.lktwg.com\/en\/#website\",\"url\":\"https:\/\/www.lktwg.com\/en\/\",\"name\":\"LKT Wycz\\u00f3\\u0142 Go\\u015bcieradz Polska\",\"description\":\"Ludowy Klub Turystyczny\",\"potentialAction\":[{\"@type\":\"SearchAction\",\"target\":\"https:\/\/www.lktwg.com\/en\/?s={search_term_string}\",\"query-input\":\"required name=search_term_string\"}],\"inLanguage\":\"en-US\"},{\"@type\":\"WebPage\",\"@id\":\"https:\/\/www.lktwg.com\/historia-klubu\/#webpage\",\"url\":\"https:\/\/www.lktwg.com\/historia-klubu\/\",\"name\":\"Club's history - LKT Wycz\\u00f3\\u0142 Go\\u015bcieradz Polska\",\"isPartOf\":{\"@id\":\"https:\/\/www.lktwg.com\/en\/#website\"},\"datePublished\":\"2017-01-27T08:50:07+00:00\",\"dateModified\":\"2017-03-12T08:30:40+00:00\",\"description\":\"Historia klubu LKT Wycz\\u00f3\\u0142 Go\\u015bcieradz od 1963 roku.\",\"inLanguage\":\"en-US\",\"potentialAction\":[{\"@type\":\"ReadAction\",\"target\":[\"https:\/\/www.lktwg.com\/historia-klubu\/\"]}]}]}<\/script>\n<!-- \/ Yoast SEO plugin. -->","_links":{"self":[{"href":"https:\/\/www.lktwg.com\/en\/wp-json\/wp\/v2\/pages\/337"}],"collection":[{"href":"https:\/\/www.lktwg.com\/en\/wp-json\/wp\/v2\/pages"}],"about":[{"href":"https:\/\/www.lktwg.com\/en\/wp-json\/wp\/v2\/types\/page"}],"author":[{"embeddable":true,"href":"https:\/\/www.lktwg.com\/en\/wp-json\/wp\/v2\/users\/1"}],"replies":[{"embeddable":true,"href":"https:\/\/www.lktwg.com\/en\/wp-json\/wp\/v2\/comments?post=337"}],"version-history":[{"count":9,"href":"https:\/\/www.lktwg.com\/en\/wp-json\/wp\/v2\/pages\/337\/revisions"}],"predecessor-version":[{"id":533,"href":"https:\/\/www.lktwg.com\/en\/wp-json\/wp\/v2\/pages\/337\/revisions\/533"}],"wp:attachment":[{"href":"https:\/\/www.lktwg.com\/en\/wp-json\/wp\/v2\/media?parent=337"}],"curies":[{"name":"wp","href":"https:\/\/api.w.org\/{rel}","templated":true}]}}