{"id":332,"date":"2017-01-27T09:46:41","date_gmt":"2017-01-27T08:46:41","guid":{"rendered":"http:\/\/test.lktwg.com\/?page_id=332"},"modified":"2019-09-03T15:26:02","modified_gmt":"2019-09-03T13:26:02","slug":"turystyka","status":"publish","type":"page","link":"https:\/\/www.lktwg.com\/en\/turystyka\/","title":{"rendered":"Turystyka"},"content":{"rendered":"<p class=\"qtranxs-available-languages-message qtranxs-available-languages-message-en\">Sorry, this entry is only available in <a href=\"https:\/\/www.lktwg.com\/pl\/wp-json\/wp\/v2\/pages\/332\" class=\"qtranxs-available-language-link qtranxs-available-language-link-pl\" title=\"Polski\">Polish<\/a>. For the sake of viewer convenience, the content is shown below in the alternative language. You may click the link to switch the active language.<\/p><style type=\"text\/css\"> \n#cmsmasters_row_69eb80fa341b6 { \n\tbackground-color:#f4f4f4;\n} \n\n#cmsmasters_row_69eb80fa341b6 .cmsmasters_row_outer_parent { \n\tpadding-top: 0px; \n} \n\n#cmsmasters_row_69eb80fa341b6 .cmsmasters_row_outer_parent { \n\tpadding-bottom: 50px; \n} \n\n<\/style><p><div id=\"cmsmasters_row_69eb80fa33f9f\" class=\"cmsmasters_row cmsmasters_color_scheme_default\">\n<div class=\"cmsmasters_row_outer_parent\">\n<div class=\"cmsmasters_row_outer\">\n<div class=\"cmsmasters_row_inner\">\n<div class=\"cmsmasters_row_margin\">\n<div class=\"cmsmasters_column one_first\">\n<div class=\"cmsmasters_text\">\n<h2>FIM Rally Mi\u0119dzynarodowy Zlot Motocyklowy<\/h2>\n<\/div>\n<\/div>\n<\/div>\n<\/div>\n<\/div>\n<\/div>\n<\/div>\n<div id=\"cmsmasters_row_69eb80fa341b6\" class=\"cmsmasters_row cmsmasters_color_scheme_default\">\n<div class=\"cmsmasters_row_outer_parent\">\n<div class=\"cmsmasters_row_outer\">\n<div class=\"cmsmasters_row_inner\">\n<div class=\"cmsmasters_row_margin\">\n<div class=\"cmsmasters_column one_first\">\n<div class=\"cmsmasters_tabs tabs_mode_tab\">\n<ul class=\"cmsmasters_tabs_list\">\n<li id=\"cmsmasters_tabs_list_item_69eb80fa357e8\" class=\"cmsmasters_tabs_list_item current_tab\">\n<a href=\"#\">\n<span>2020<\/span>\n<\/a>\n<\/li><li id=\"cmsmasters_tabs_list_item_69eb80fa3589f\" class=\"cmsmasters_tabs_list_item\">\n<a href=\"#\">\n<span>2019<\/span>\n<\/a>\n<\/li><li id=\"cmsmasters_tabs_list_item_69eb80fa35aab\" class=\"cmsmasters_tabs_list_item\">\n<a href=\"#\">\n<span>2018<\/span>\n<\/a>\n<\/li><li id=\"cmsmasters_tabs_list_item_69eb80fa35d00\" class=\"cmsmasters_tabs_list_item\">\n<a href=\"#\">\n<span>2017<\/span>\n<\/a>\n<\/li><li id=\"cmsmasters_tabs_list_item_69eb80fa35ee2\" class=\"cmsmasters_tabs_list_item\">\n<a href=\"#\">\n<span>2016<\/span>\n<\/a>\n<\/li><li id=\"cmsmasters_tabs_list_item_69eb80fa3613b\" class=\"cmsmasters_tabs_list_item\">\n<a href=\"#\">\n<span>2015<\/span>\n<\/a>\n<\/li><li id=\"cmsmasters_tabs_list_item_69eb80fa3634a\" class=\"cmsmasters_tabs_list_item\">\n<a href=\"#\">\n<span>2014<\/span>\n<\/a>\n<\/li><li id=\"cmsmasters_tabs_list_item_69eb80fa36588\" class=\"cmsmasters_tabs_list_item\">\n<a href=\"#\">\n<span>2013<\/span>\n<\/a>\n<\/li><li id=\"cmsmasters_tabs_list_item_69eb80fa36741\" class=\"cmsmasters_tabs_list_item\">\n<a href=\"#\">\n<span>2012<\/span>\n<\/a>\n<\/li><li id=\"cmsmasters_tabs_list_item_69eb80fa36994\" class=\"cmsmasters_tabs_list_item\">\n<a href=\"#\">\n<span>2011<\/span>\n<\/a>\n<\/li><li id=\"cmsmasters_tabs_list_item_69eb80fa36bbe\" class=\"cmsmasters_tabs_list_item\">\n<a href=\"#\">\n<span>2010<\/span>\n<\/a>\n<\/li><li id=\"cmsmasters_tabs_list_item_69eb80fa36d5f\" class=\"cmsmasters_tabs_list_item\">\n<a href=\"#\">\n<span>2009<\/span>\n<\/a>\n<\/li><li id=\"cmsmasters_tabs_list_item_69eb80fa36f2e\" class=\"cmsmasters_tabs_list_item\">\n<a href=\"#\">\n<span>2008<\/span>\n<\/a>\n<\/li><li id=\"cmsmasters_tabs_list_item_69eb80fa3708d\" class=\"cmsmasters_tabs_list_item\">\n<a href=\"#\">\n<span>2007<\/span>\n<\/a>\n<\/li><li id=\"cmsmasters_tabs_list_item_69eb80fa371f4\" class=\"cmsmasters_tabs_list_item\">\n<a href=\"#\">\n<span>2006<\/span>\n<\/a>\n<\/li><li id=\"cmsmasters_tabs_list_item_69eb80fa3732c\" class=\"cmsmasters_tabs_list_item\">\n<a href=\"#\">\n<span>2005<\/span>\n<\/a>\n<\/li><li id=\"cmsmasters_tabs_list_item_69eb80fa37491\" class=\"cmsmasters_tabs_list_item\">\n<a href=\"#\">\n<span>1995<\/span>\n<\/a>\n<\/li><\/ul>\n<div class=\"cmsmasters_tabs_wrap\">\n<div id=\"cmsmasters_tab_69eb80fa357e8\" class=\"cmsmasters_tab active_tab\">\n<div class=\"cmsmasters_tab_inner\">\n<p><\/p>\n<\/div>\n<\/div><div id=\"cmsmasters_tab_69eb80fa3589f\" class=\"cmsmasters_tab\">\n<div class=\"cmsmasters_tab_inner\">\n<p><strong>74 Fim Rally Roskilde-Dania 31.07-2.08.2019<\/strong><\/p>\n<ul>\n<li>Miros\u0142aw Kowalczyk<\/li>\n<li>Joanna Kowalczyk<\/li>\n<li>Marek Wiczy\u0144ski<\/li>\n<li>Waldemar Malesa<\/li>\n<li>Damian Zieli\u0144ski<\/li>\n<li>Magdalena Zieli\u0144ska<\/li>\n<li>Magdalena Zieli\u0144ska<\/li>\n<li>Zbigniew Ginter<\/li>\n<li>Edmund Szufrajda<\/li>\n<li>Boles\u0142aw Zwolanowski<\/li>\n<li>Micha\u0142 Chorz\u0119pa<\/li>\n<li>Robert Ma\u0142ek<\/li>\n<li>Wojciech B\u0142a\u017cejewski<\/li>\n<li>Andrzej Moch<\/li>\n<li>Jacek Szynka<\/li>\n<li>Bartosz Zwolanowski<\/li>\n<\/ul>\n<p><strong><strong><\/p>\n<\/div>\n<\/div>&lt;<\/strong><\/strong><\/p>\n<p>[\/cmsmasters_tab]<strong><strong><div id=\"cmsmasters_tab_69eb80fa35aab\" class=\"cmsmasters_tab\">\n<div class=\"cmsmasters_tab_inner\">\n<p><\/strong><\/strong><\/p>\n<p>&nbsp;<\/p>\n<p><strong><strong><strong>73 FIM Rally Trakai &#8211; Litwa\u00a0\u00a0 25.07.-27.07.2018\u00a0 ( 17 os\u00f3b)<\/strong><\/strong><\/strong><\/p>\n<p>&nbsp;<\/p>\n<ul>\n<li>Chorz\u0119pa Micha\u0142<\/li>\n<li>Ginter Zbigniew<\/li>\n<li>Kopczy\u0144ska Brygida<\/li>\n<li>Kopczy\u0144ski Piotr<\/li>\n<li>Kowalczyk Joanna<\/li>\n<li>Kowalczyk Miros\u0142aw<\/li>\n<li>Ma\u0142ek Robert<\/li>\n<li>Malesa Waldemar<\/li>\n<li>Moch Andrzej<\/li>\n<li>Nowakowski Jerzy<\/li>\n<li>Szynka Jacek &#8211; kierownik ekipy<\/li>\n<li>Wiczy\u0144ski Marek<\/li>\n<li>Zawadzki Maciej<\/li>\n<li>Zieli\u0144ski Damian<\/li>\n<li>Zieli\u0144ska Magdalena<\/li>\n<li>Zwolanowski Bartosz<\/li>\n<li>Zwolanowski Boles\u0142aw<\/li>\n<\/ul>\n<p><strong><strong><\/p>\n<\/div>\n<\/div><\/strong><\/strong><strong><strong><strong><div id=\"cmsmasters_tab_69eb80fa35d00\" class=\"cmsmasters_tab\">\n<div class=\"cmsmasters_tab_inner\">\n<p><\/strong><\/strong><\/strong><\/p>\n<p><strong>72 FIM Rally Sundsvall-Szwecja \u00a007.-28.07.2017\u00a0 ( 15 os\u00f3b)<\/strong><\/p>\n<ul>\n<li>B\u0142a\u017cejewski Wojciech<\/li>\n<li>Burzych Wojciech<\/li>\n<li>Chorz\u0119pa Micha\u0142<\/li>\n<li>Ginter Zbigniew<\/li>\n<li>Kowalczyk Joanna<\/li>\n<li>Kowalczyk Miros\u0142aw<\/li>\n<li>Ma\u0142ek Robert<\/li>\n<li>Malesa Waldemar<\/li>\n<li>Moch Andrzej<\/li>\n<li>Szynka Jacek &#8211; kierownik ekipy<\/li>\n<li>Wiczy\u0144ski Marek<\/li>\n<li>Zawadzki Maciej<\/li>\n<li>Zieli\u0144ski Damian<\/li>\n<li>Zwolanowski Bartosz<\/li>\n<li>Zwolanowski Boles\u0142aw<\/li>\n<\/ul>\n<p><strong><strong><\/p>\n<\/div>\n<\/div><\/strong><\/strong><strong><strong><strong><div id=\"cmsmasters_tab_69eb80fa35ee2\" class=\"cmsmasters_tab\">\n<div class=\"cmsmasters_tab_inner\">\n<p><\/strong><\/strong><\/strong><\/p>\n<p><strong>71 FIM Rally Liptov- S\u0142owacja 29.06-1.07.2016 Reprezentacja Polski <\/strong>(18 os\u00f3b)<\/p>\n<ul>\n<li>Zwolanowski Boles\u0142aw<\/li>\n<li>Ginter Zbigniew<\/li>\n<li>Chorz\u0119pa Micha\u0142<\/li>\n<li>Zwolanowski Bartosz<\/li>\n<li>Moch Andrzej<\/li>\n<li>Ma\u0142ek Robert<\/li>\n<li>Burzych Wojciech<\/li>\n<li>Wiczy\u0144ski Marek<\/li>\n<li>Malesa Waldemar<\/li>\n<li>Nowakowski Jerzy<\/li>\n<li>Szynka Jacek<\/li>\n<li>Zieli\u0144ski Damian<\/li>\n<li>Zawadzki Maciej<\/li>\n<li>Kowalczyk Miros\u0142aw<\/li>\n<li>Kowalczyk Joanna<\/li>\n<li>Kopczy\u0144ski Piotr<\/li>\n<li>Kopczy\u0144ska Brygida<\/li>\n<li>B\u0142a\u017cejewski Wojciech<\/li>\n<\/ul>\n<p><strong><strong><\/p>\n<\/div>\n<\/div><\/strong><\/strong><strong><strong><strong><div id=\"cmsmasters_tab_69eb80fa3613b\" class=\"cmsmasters_tab\">\n<div class=\"cmsmasters_tab_inner\">\n<p><\/strong><\/strong><\/strong><\/p>\n<p><strong>70 FIM Rally Vorden- Holandia 29.07-31.07.2015 &#8211; Reprezentacja Polski<\/strong> (13 os\u00f3b)<strong><br \/>\n<\/strong><\/p>\n<ul>\n<li>Zwolanowski Boles\u0142aw<\/li>\n<li>Ginter Zbigniew<\/li>\n<li>Chorz\u0119pa Micha\u0142<\/li>\n<li>Zwolanowski Bartosz<\/li>\n<li>Moch Andrzej<\/li>\n<li>Ma\u0142ek Robert<\/li>\n<li>Burzych Wojciech<\/li>\n<li>Wiczy\u0144ski Marek<\/li>\n<li>Malesa Waldemar<\/li>\n<li>Szynka Jacek<\/li>\n<li>B\u0142a\u017cejewska Agnieszka<\/li>\n<li>Kowalczyk Miros\u0142aw<\/li>\n<li>Kowalczyk Joanna<\/li>\n<\/ul>\n<p>&nbsp;<\/p>\n<p><strong><strong><\/p>\n<\/div>\n<\/div><\/strong><\/strong><strong><strong><strong><div id=\"cmsmasters_tab_69eb80fa3634a\" class=\"cmsmasters_tab\">\n<div class=\"cmsmasters_tab_inner\">\n<p><\/strong><\/strong><\/strong><\/p>\n<p><strong>69 FIM Rally Tampere &#8211; Finlandia 01-03.07.2014 &#8211; Reprezentacja Polski <\/strong>(17 os\u00f3b)<\/p>\n<ul>\n<li>Boles\u0142aw Zwolanowski<\/li>\n<li>Zbigniew Ginter<\/li>\n<li>Kevin Dabrowski<\/li>\n<li>Marek Wiczy\u0144ski<\/li>\n<li>Miros\u0142aw Kowalczyk<\/li>\n<li>Joanna Kowalczyk<\/li>\n<li>Jacek Szynka<\/li>\n<li>Piotr Kopczy\u0144ski<\/li>\n<li>Brygida Kopczy\u0144ska<\/li>\n<li>Waldemar Malesa<\/li>\n<li>Jerzy Nowakowski<\/li>\n<li>Bartosz Zwolanowski<\/li>\n<li>\u0141ukasz Chorz\u0119pa<\/li>\n<li>Marcin Gagacki<\/li>\n<li>Andrzej Moch<\/li>\n<li>Wojciech Burzych<\/li>\n<li>Arkadiusz Kocemba<\/li>\n<\/ul>\n<p><strong><strong><\/p>\n<\/div>\n<\/div><\/strong><\/strong><strong><strong><strong><div id=\"cmsmasters_tab_69eb80fa36588\" class=\"cmsmasters_tab\">\n<div class=\"cmsmasters_tab_inner\">\n<p><\/strong><\/strong><\/strong><\/p>\n<p><strong>68 FIM Rally Epernay &#8211; Francja 18-20.07.2013 &#8211; Reprezentacja Polski<\/strong> (11 os\u00f3b)<\/p>\n<ul>\n<li>Boles\u0142aw Zwolanowski<\/li>\n<li>Zbigniew Ginter<\/li>\n<li>Adam Dabrowski<\/li>\n<li>Kevin Dabrowski<\/li>\n<li>Marek Wiczy\u0144ski<\/li>\n<li>Miros\u0142aw Kowalczyk<\/li>\n<li>Dariusz Koksa<\/li>\n<li>Jacek Szynka<\/li>\n<li>Barbara Weso\u0142owska<\/li>\n<li>Marek Weso\u0142owski<\/li>\n<li>Waldemar Malesa<\/li>\n<\/ul>\n<p><strong><strong><\/p>\n<\/div>\n<\/div><\/strong><\/strong><strong><strong><strong><div id=\"cmsmasters_tab_69eb80fa36741\" class=\"cmsmasters_tab\">\n<div class=\"cmsmasters_tab_inner\">\n<p><\/strong><\/strong><\/strong><\/p>\n<p><strong>67 FIM Rally Bydgoszcz &#8211; Polska 19-21.07.2012<\/strong> &#8211; <strong>Organizator<\/strong> (20 os\u00f3b komitet organizacyjny)<\/p>\n<ul>\n<li>Boles\u0142aw Zwolanowski<\/li>\n<li>\u0141ukasz Chorz\u0119pa<\/li>\n<li>Bartosz Zwolanowski<\/li>\n<li>Wojciech Burzych<\/li>\n<li>Zbigniew Ginter<\/li>\n<li>Adam Dabrowski<\/li>\n<li>Kevin Dabrowski<\/li>\n<li>Piotr Kopczy\u0144ski<\/li>\n<li>Micha\u0142 Chorz\u0119pa<\/li>\n<li>Jerzy Nowakowski<\/li>\n<li>Andrzej Moch<\/li>\n<li>Maciej Zawadzki<\/li>\n<li>Tomasz B\u0142a\u017cejewski<\/li>\n<li>Miros\u0142aw Kowalczyk<\/li>\n<li>Marcin Gagacki<\/li>\n<li>Dariusz Koksa<\/li>\n<li>Robert Ma\u0142ek<\/li>\n<li>Agata Szomszor<\/li>\n<li>Adam Gotowicz<\/li>\n<li>Micha\u0142 Rad\u0142owski<\/li>\n<\/ul>\n<p><strong><strong><\/p>\n<\/div>\n<\/div><\/strong><\/strong><strong><strong><strong><div id=\"cmsmasters_tab_69eb80fa36994\" class=\"cmsmasters_tab\">\n<div class=\"cmsmasters_tab_inner\">\n<p><\/strong><\/strong><\/strong><\/p>\n<p><strong>66 FIM Rally Tulln &#8211; Austria 06-08.07.2011 Oficjalna reprezentacja Polski<\/strong><\/p>\n<ul>\n<li>Boles\u0142aw Zwolanowski<\/li>\n<li>Zbigniew Ginter<\/li>\n<li>Adam Dabrowski<\/li>\n<li>Piotr Kopczy\u0144ski<\/li>\n<li>Marek Wiczy\u0144ski<\/li>\n<li>Jerzy Nowakowski<\/li>\n<li>Bartosz Zwolanowski<\/li>\n<li>\u0141ukasz Chorz\u0119pa<\/li>\n<li>Wojciech Burzych<\/li>\n<li>Andrzej Moch<\/li>\n<li>Maciej Zawadzki<\/li>\n<li>Agnieszka Wojciechowska<\/li>\n<li>Miros\u0142aw Kowalczyk<\/li>\n<li>Kamil Kopczy\u0144ski<\/li>\n<li>Przemys\u0142aw Piastowski<\/li>\n<li>Marcin Gagacki<\/li>\n<li>Sylwia Wasielewska<\/li>\n<li>Robert Ma\u0142ek<\/li>\n<li>Mariusz Nawrocki<\/li>\n<li>Grzegorz Lenzkowski<\/li>\n<\/ul>\n<p><strong><strong><\/p>\n<\/div>\n<\/div><\/strong><\/strong><strong><strong><strong><div id=\"cmsmasters_tab_69eb80fa36bbe\" class=\"cmsmasters_tab\">\n<div class=\"cmsmasters_tab_inner\">\n<p><\/strong><\/strong><\/strong><\/p>\n<p><strong>65 FIM Rally Herentals &#8211; Belgia 22-24.06.2010 Oficjalna reprezentacja Polski<\/strong><\/p>\n<ul>\n<li>Boles\u0142aw Zwolanowski<\/li>\n<li>Zbigniew Ginter<\/li>\n<li>Adam Dabrowski<\/li>\n<li>Piotr Kopczy\u0144ski<\/li>\n<li>Marek Wiczy\u0144ski<\/li>\n<li>Jerzy Nowakowski<\/li>\n<li>Bartosz Zwolanowski<\/li>\n<li>\u0141ukasz Chorz\u0119pa<\/li>\n<li>Wojciech Burzych<\/li>\n<li>Andrzej Moch<\/li>\n<li>Maciej Zawadzki<\/li>\n<li>Miros\u0142aw Kowalczyk<\/li>\n<\/ul>\n<p><strong><strong><\/p>\n<\/div>\n<\/div><\/strong><\/strong><strong><strong><strong><div id=\"cmsmasters_tab_69eb80fa36d5f\" class=\"cmsmasters_tab\">\n<div class=\"cmsmasters_tab_inner\">\n<p><\/strong><\/strong><\/strong><\/p>\n<p><strong>64 FIM Rally\u00a0Zadar &#8211; Chorwacja 25-30.05.2009 Oficjalna reprezentacja Polski<\/strong><\/p>\n<ul>\n<li>Boles\u0142aw Zwolanowski<\/li>\n<li>Zbigniew Ginter<\/li>\n<li>Adam Dabrowski<\/li>\n<li>Piotr Kopczy\u0144ski<\/li>\n<li>Dariusz Koksa<\/li>\n<li>Marek Wiczy\u0144ski<\/li>\n<li>Jerzy Nowakowski<\/li>\n<li>Janusz Lema\u0144ski<\/li>\n<li>Piotr Temerowski<\/li>\n<li>Maciej Kummer<\/li>\n<li>Marcin Pogorzelski<\/li>\n<li>Marian Stablewski<\/li>\n<\/ul>\n<p><strong><strong><\/p>\n<\/div>\n<\/div><\/strong><\/strong><strong><strong><strong><div id=\"cmsmasters_tab_69eb80fa36f2e\" class=\"cmsmasters_tab\">\n<div class=\"cmsmasters_tab_inner\">\n<p><\/strong><\/strong><\/strong><\/p>\n<p><strong>63 FIM Rally Messinia &#8211; Grecja 07-13.07.2008 Oficjalna reprezentacja Polski<\/strong><\/p>\n<ul>\n<li>Wojciech Burzych<\/li>\n<li>\u0141ukasz Chorz\u0119pa<\/li>\n<li>Marcin Gagacki<\/li>\n<li>Andrzej Moch<\/li>\n<li>Bartosz Zwolanowski<\/li>\n<\/ul>\n<p><strong><strong><\/p>\n<\/div>\n<\/div><\/strong><\/strong><strong><strong><strong><div id=\"cmsmasters_tab_69eb80fa3708d\" class=\"cmsmasters_tab\">\n<div class=\"cmsmasters_tab_inner\">\n<p><\/strong><\/strong><\/strong><\/p>\n<p><strong>62 FIM Rally Cesenatico &#8211; W\u0142ochy 06-08.06.2007 Oficjalna reprezentacja Polski<\/strong><\/p>\n<ul>\n<li>Zbigniew Ginter<\/li>\n<li>Adam Dabrowski<\/li>\n<li>Piotr Kopczy\u0144ski<\/li>\n<li>Jerzy Nowakowski<\/li>\n<li>Marek Wiczy\u0144ski<\/li>\n<li>Boles\u0142aw Zwolanowski<\/li>\n<\/ul>\n<p><strong><strong><\/p>\n<\/div>\n<\/div><\/strong><\/strong><strong><strong><strong><div id=\"cmsmasters_tab_69eb80fa371f4\" class=\"cmsmasters_tab\">\n<div class=\"cmsmasters_tab_inner\">\n<p><\/strong><\/strong><\/strong><\/p>\n<p><strong>61 FIM Rally Berlin &#8211; Niemcy 19-23.07.2006 Oficjalna reprezentacja Polski<\/strong><\/p>\n<ul>\n<li>\u0141ukasz Chorz\u0119pa<\/li>\n<li>Adam Dabrowski<\/li>\n<li>Zbigniew Ginter<\/li>\n<li>Bartosz Zwolanowski<\/li>\n<\/ul>\n<p><strong><strong><\/p>\n<\/div>\n<\/div><\/strong><\/strong><strong><strong><strong><div id=\"cmsmasters_tab_69eb80fa3732c\" class=\"cmsmasters_tab\">\n<div class=\"cmsmasters_tab_inner\">\n<p><\/strong><\/strong><\/strong><\/p>\n<p><strong>60 FIM Rally Tartu &#8211; Estonia 21-24.07.2005 Oficjalna reprezentacja Polski<\/strong><\/p>\n<ul>\n<li>Wojciech B\u0142a\u017cejewski<\/li>\n<li>\u0141ukasz Chorz\u0119pa<\/li>\n<li>Adam Dabrowski<\/li>\n<li>Kevin Dabrowski<\/li>\n<li>Zbigniew Ginter<\/li>\n<li>Jerzy Nowakowski<\/li>\n<li>Bartosz Zwolanowski<\/li>\n<li>Boles\u0142aw Zwolanowski<\/li>\n<\/ul>\n<p><strong><strong><\/p>\n<\/div>\n<\/div><\/strong><\/strong><strong><strong><strong><div id=\"cmsmasters_tab_69eb80fa37491\" class=\"cmsmasters_tab\">\n<div class=\"cmsmasters_tab_inner\">\n<p><\/strong><\/strong><\/strong><\/p>\n<p><strong>50 FIM Rally Malselv &#8211; Norwegia 04-07.07.1995<\/strong><\/p>\n<ul>\n<li>\u0141ukasz Chorz\u0119pa<\/li>\n<li>Micha\u0142 Chorz\u0119pa<\/li>\n<li>Bartosz Zwolanowski<\/li>\n<li>Boles\u0142aw Zwolanowski<\/li>\n<\/ul>\n<p><strong><strong><\/p>\n<\/div>\n<\/div><\/strong><\/strong><\/div>\n<\/div>\n<\/div>\n<\/div>\n<\/div>\n<\/div>\n<\/div>\n<\/div>\n<\/p>","protected":false},"excerpt":{"rendered":"","protected":false},"author":1,"featured_media":0,"parent":0,"menu_order":0,"comment_status":"closed","ping_status":"closed","template":"","meta":[],"yoast_head":"<!-- This site is optimized with the Yoast SEO plugin v15.2.1 - https:\/\/yoast.com\/wordpress\/plugins\/seo\/ -->\n<title>Turystyka - LKT Wycz\u00f3\u0142 Go\u015bcieradz Polska<\/title>\n<meta name=\"robots\" content=\"index, follow, max-snippet:-1, max-image-preview:large, max-video-preview:-1\" \/>\n<link rel=\"canonical\" href=\"https:\/\/www.lktwg.com\/turystyka\/\" \/>\n<meta property=\"og:locale\" content=\"en_US\" \/>\n<meta property=\"og:type\" content=\"article\" \/>\n<meta property=\"og:title\" content=\"Turystyka - LKT Wycz\u00f3\u0142 Go\u015bcieradz Polska\" \/>\n<meta property=\"og:url\" content=\"https:\/\/www.lktwg.com\/turystyka\/\" \/>\n<meta property=\"og:site_name\" content=\"LKT Wycz\u00f3\u0142 Go\u015bcieradz Polska\" \/>\n<meta property=\"article:publisher\" content=\"https:\/\/www.facebook.com\/lktwyczol\/\" \/>\n<meta property=\"article:modified_time\" content=\"2019-09-03T13:26:02+00:00\" \/>\n<meta name=\"twitter:card\" content=\"summary\" \/>\n<meta name=\"twitter:label1\" content=\"Written by\">\n\t<meta name=\"twitter:data1\" content=\"admin\">\n\t<meta name=\"twitter:label2\" content=\"Est. reading time\">\n\t<meta name=\"twitter:data2\" content=\"3 minutes\">\n<script type=\"application\/ld+json\" class=\"yoast-schema-graph\">{\"@context\":\"https:\/\/schema.org\",\"@graph\":[{\"@type\":\"WebSite\",\"@id\":\"https:\/\/www.lktwg.com\/en\/#website\",\"url\":\"https:\/\/www.lktwg.com\/en\/\",\"name\":\"LKT Wycz\\u00f3\\u0142 Go\\u015bcieradz Polska\",\"description\":\"Ludowy Klub Turystyczny\",\"potentialAction\":[{\"@type\":\"SearchAction\",\"target\":\"https:\/\/www.lktwg.com\/en\/?s={search_term_string}\",\"query-input\":\"required name=search_term_string\"}],\"inLanguage\":\"en-US\"},{\"@type\":\"WebPage\",\"@id\":\"https:\/\/www.lktwg.com\/turystyka\/#webpage\",\"url\":\"https:\/\/www.lktwg.com\/turystyka\/\",\"name\":\"Turystyka - LKT Wycz\\u00f3\\u0142 Go\\u015bcieradz Polska\",\"isPartOf\":{\"@id\":\"https:\/\/www.lktwg.com\/en\/#website\"},\"datePublished\":\"2017-01-27T08:46:41+00:00\",\"dateModified\":\"2019-09-03T13:26:02+00:00\",\"inLanguage\":\"en-US\",\"potentialAction\":[{\"@type\":\"ReadAction\",\"target\":[\"https:\/\/www.lktwg.com\/turystyka\/\"]}]}]}<\/script>\n<!-- \/ Yoast SEO plugin. -->","_links":{"self":[{"href":"https:\/\/www.lktwg.com\/en\/wp-json\/wp\/v2\/pages\/332"}],"collection":[{"href":"https:\/\/www.lktwg.com\/en\/wp-json\/wp\/v2\/pages"}],"about":[{"href":"https:\/\/www.lktwg.com\/en\/wp-json\/wp\/v2\/types\/page"}],"author":[{"embeddable":true,"href":"https:\/\/www.lktwg.com\/en\/wp-json\/wp\/v2\/users\/1"}],"replies":[{"embeddable":true,"href":"https:\/\/www.lktwg.com\/en\/wp-json\/wp\/v2\/comments?post=332"}],"version-history":[{"count":27,"href":"https:\/\/www.lktwg.com\/en\/wp-json\/wp\/v2\/pages\/332\/revisions"}],"predecessor-version":[{"id":3791,"href":"https:\/\/www.lktwg.com\/en\/wp-json\/wp\/v2\/pages\/332\/revisions\/3791"}],"wp:attachment":[{"href":"https:\/\/www.lktwg.com\/en\/wp-json\/wp\/v2\/media?parent=332"}],"curies":[{"name":"wp","href":"https:\/\/api.w.org\/{rel}","templated":true}]}}