{"id":320,"date":"2017-01-26T15:32:53","date_gmt":"2017-01-26T14:32:53","guid":{"rendered":"http:\/\/test.lktwg.com\/?page_id=320"},"modified":"2023-01-15T09:01:47","modified_gmt":"2023-01-15T08:01:47","slug":"osiagniecia","status":"publish","type":"page","link":"https:\/\/www.lktwg.com\/en\/osiagniecia\/","title":{"rendered":"Osi\u0105gni\u0119cia"},"content":{"rendered":"<style type=\"text\/css\"> \n#cmsmasters_row_69ea4963dfd28 .cmsmasters_row_outer_parent { \n\tpadding-top: 0px; \n} \n\n#cmsmasters_row_69ea4963dfd28 .cmsmasters_row_outer_parent { \n\tpadding-bottom: 50px; \n} \n\n \n#cmsmasters_heading_69ea4963e0649 { \n\ttext-align:left; \n\tmargin-top:0px; \n\tmargin-bottom:20px; \n} \n\n#cmsmasters_heading_69ea4963e0649 .cmsmasters_heading { \n\ttext-align:left; \n} \n\n#cmsmasters_heading_69ea4963e0649 .cmsmasters_heading, #cmsmasters_heading_69ea4963e0649 .cmsmasters_heading a { \n\tfont-weight:normal; \n\tfont-style:normal; \n} \n\n#cmsmasters_heading_69ea4963e0649 .cmsmasters_heading_divider { \n} \n\n \n#cmsmasters_heading_69ea4963e0715 { \n\ttext-align:left; \n\tmargin-top:0px; \n\tmargin-bottom:20px; \n} \n\n#cmsmasters_heading_69ea4963e0715 .cmsmasters_heading { \n\ttext-align:left; \n} \n\n#cmsmasters_heading_69ea4963e0715 .cmsmasters_heading, #cmsmasters_heading_69ea4963e0715 .cmsmasters_heading a { \n\tfont-weight:normal; \n\tfont-style:normal; \n} \n\n#cmsmasters_heading_69ea4963e0715 .cmsmasters_heading_divider { \n} \n\n \n#cmsmasters_heading_69ea4963e0b6d { \n\ttext-align:left; \n\tmargin-top:0px; \n\tmargin-bottom:20px; \n} \n\n#cmsmasters_heading_69ea4963e0b6d .cmsmasters_heading { \n\ttext-align:left; \n} \n\n#cmsmasters_heading_69ea4963e0b6d .cmsmasters_heading, #cmsmasters_heading_69ea4963e0b6d .cmsmasters_heading a { \n\tfont-weight:normal; \n\tfont-style:normal; \n} \n\n#cmsmasters_heading_69ea4963e0b6d .cmsmasters_heading_divider { \n} \n\n \n#cmsmasters_heading_69ea4963e0cfa { \n\ttext-align:left; \n\tmargin-top:0px; \n\tmargin-bottom:20px; \n} \n\n#cmsmasters_heading_69ea4963e0cfa .cmsmasters_heading { \n\ttext-align:left; \n} \n\n#cmsmasters_heading_69ea4963e0cfa .cmsmasters_heading, #cmsmasters_heading_69ea4963e0cfa .cmsmasters_heading a { \n\tfont-weight:normal; \n\tfont-style:normal; \n} \n\n#cmsmasters_heading_69ea4963e0cfa .cmsmasters_heading_divider { \n} \n\n \n#cmsmasters_heading_69ea4963e0e69 { \n\ttext-align:left; \n\tmargin-top:20px; \n\tmargin-bottom:20px; \n} \n\n#cmsmasters_heading_69ea4963e0e69 .cmsmasters_heading { \n\ttext-align:left; \n} \n\n#cmsmasters_heading_69ea4963e0e69 .cmsmasters_heading, #cmsmasters_heading_69ea4963e0e69 .cmsmasters_heading a { \n\tfont-weight:normal; \n\tfont-style:normal; \n} \n\n#cmsmasters_heading_69ea4963e0e69 .cmsmasters_heading_divider { \n} \n\n \n#cmsmasters_heading_69ea4963e0f60 { \n\ttext-align:left; \n\tmargin-top:20px; \n\tmargin-bottom:20px; \n} \n\n#cmsmasters_heading_69ea4963e0f60 .cmsmasters_heading { \n\ttext-align:left; \n} \n\n#cmsmasters_heading_69ea4963e0f60 .cmsmasters_heading, #cmsmasters_heading_69ea4963e0f60 .cmsmasters_heading a { \n\tfont-weight:normal; \n\tfont-style:normal; \n} \n\n#cmsmasters_heading_69ea4963e0f60 .cmsmasters_heading_divider { \n} \n\n \n#cmsmasters_heading_69ea4963e10fb { \n\ttext-align:left; \n\tmargin-top:20px; \n\tmargin-bottom:20px; \n} \n\n#cmsmasters_heading_69ea4963e10fb .cmsmasters_heading { \n\ttext-align:left; \n} \n\n#cmsmasters_heading_69ea4963e10fb .cmsmasters_heading, #cmsmasters_heading_69ea4963e10fb .cmsmasters_heading a { \n\tfont-weight:normal; \n\tfont-style:normal; \n} \n\n#cmsmasters_heading_69ea4963e10fb .cmsmasters_heading_divider { \n} \n\n \n#cmsmasters_heading_69ea4963e1165 { \n\ttext-align:left; \n\tmargin-top:0px; \n\tmargin-bottom:20px; \n} \n\n#cmsmasters_heading_69ea4963e1165 .cmsmasters_heading { \n\ttext-align:left; \n} \n\n#cmsmasters_heading_69ea4963e1165 .cmsmasters_heading, #cmsmasters_heading_69ea4963e1165 .cmsmasters_heading a { \n\tfont-weight:normal; \n\tfont-style:normal; \n} \n\n#cmsmasters_heading_69ea4963e1165 .cmsmasters_heading_divider { \n} \n\n \n#cmsmasters_heading_69ea4963e124c { \n\ttext-align:left; \n\tmargin-top:20px; \n\tmargin-bottom:20px; \n} \n\n#cmsmasters_heading_69ea4963e124c .cmsmasters_heading { \n\ttext-align:left; \n} \n\n#cmsmasters_heading_69ea4963e124c .cmsmasters_heading, #cmsmasters_heading_69ea4963e124c .cmsmasters_heading a { \n\tfont-weight:normal; \n\tfont-style:normal; \n} \n\n#cmsmasters_heading_69ea4963e124c .cmsmasters_heading_divider { \n} \n\n \n#cmsmasters_heading_69ea4963e131e { \n\ttext-align:left; \n\tmargin-top:20px; \n\tmargin-bottom:20px; \n} \n\n#cmsmasters_heading_69ea4963e131e .cmsmasters_heading { \n\ttext-align:left; \n} \n\n#cmsmasters_heading_69ea4963e131e .cmsmasters_heading, #cmsmasters_heading_69ea4963e131e .cmsmasters_heading a { \n\tfont-weight:normal; \n\tfont-style:normal; \n} \n\n#cmsmasters_heading_69ea4963e131e .cmsmasters_heading_divider { \n} \n\n \n#cmsmasters_heading_69ea4963e1445 { \n\ttext-align:left; \n\tmargin-top:20px; \n\tmargin-bottom:20px; \n} \n\n#cmsmasters_heading_69ea4963e1445 .cmsmasters_heading { \n\ttext-align:left; \n} \n\n#cmsmasters_heading_69ea4963e1445 .cmsmasters_heading, #cmsmasters_heading_69ea4963e1445 .cmsmasters_heading a { \n\tfont-weight:normal; \n\tfont-style:normal; \n} \n\n#cmsmasters_heading_69ea4963e1445 .cmsmasters_heading_divider { \n} \n\n \n#cmsmasters_heading_69ea4963e1558 { \n\ttext-align:left; \n\tmargin-top:0px; \n\tmargin-bottom:20px; \n} \n\n#cmsmasters_heading_69ea4963e1558 .cmsmasters_heading { \n\ttext-align:left; \n} \n\n#cmsmasters_heading_69ea4963e1558 .cmsmasters_heading, #cmsmasters_heading_69ea4963e1558 .cmsmasters_heading a { \n\tfont-weight:normal; \n\tfont-style:normal; \n} \n\n#cmsmasters_heading_69ea4963e1558 .cmsmasters_heading_divider { \n} \n\n \n#cmsmasters_heading_69ea4963e16ec { \n\ttext-align:left; \n\tmargin-top:20px; \n\tmargin-bottom:20px; \n} \n\n#cmsmasters_heading_69ea4963e16ec .cmsmasters_heading { \n\ttext-align:left; \n} \n\n#cmsmasters_heading_69ea4963e16ec .cmsmasters_heading, #cmsmasters_heading_69ea4963e16ec .cmsmasters_heading a { \n\tfont-weight:normal; \n\tfont-style:normal; \n} \n\n#cmsmasters_heading_69ea4963e16ec .cmsmasters_heading_divider { \n} \n\n \n#cmsmasters_row_69ea4963e1a21 .cmsmasters_row_outer_parent { \n\tpadding-top: 0px; \n} \n\n#cmsmasters_row_69ea4963e1a21 .cmsmasters_row_outer_parent { \n\tpadding-bottom: 50px; \n} \n\n \n#cmsmasters_heading_69ea4963e1ce7 { \n\ttext-align:left; \n\tmargin-top:20px; \n\tmargin-bottom:20px; \n} \n\n#cmsmasters_heading_69ea4963e1ce7 .cmsmasters_heading { \n\ttext-align:left; \n} \n\n#cmsmasters_heading_69ea4963e1ce7 .cmsmasters_heading, #cmsmasters_heading_69ea4963e1ce7 .cmsmasters_heading a { \n\tfont-weight:normal; \n\tfont-style:normal; \n} \n\n#cmsmasters_heading_69ea4963e1ce7 .cmsmasters_heading_divider { \n} \n\n<\/style><p><div id=\"cmsmasters_row_69ea4963dfd28\" class=\"cmsmasters_row cmsmasters_color_scheme_default jump\">\n<div id=\"osiagniecia\" class=\"cmsmasters_row_outer_parent\">\n<div class=\"cmsmasters_row_outer\">\n<div class=\"cmsmasters_row_inner\">\n<div class=\"cmsmasters_row_margin\">\n<div class=\"cmsmasters_column one_first\">\n\n<div id=\"cmsmasters_heading_69ea4963e0649\" class=\"cmsmasters_heading_wrap cmsmasters_heading_align_left\">\n\t<h2 class=\"cmsmasters_heading\">Motocykle<\/h2>\n<\/div>\n<div id=\"cmsmasters_heading_69ea4963e0715\" class=\"cmsmasters_heading_wrap cmsmasters_heading_align_left\">\n\t<h3 class=\"cmsmasters_heading\">Wy\u015bcigi motocyklowe<\/h3>\n<\/div><div class=\"cmsmasters_text\">\n<p><strong>Dru\u017cynowo 15 razy w tym:<br \/>\n<\/strong><strong>2 tytu\u0142y<\/strong> Dru\u017cynowych Mistrz\u00f3w Polski (1973, 1974)<br \/>\n<strong>4 tytu\u0142y<\/strong> Dru\u017cynowych Wicemistrz\u00f3w Polski (1970, 1972, 1975, 1976)<br \/>\n<strong>5 tytu\u0142\u00f3w<\/strong> Dru\u017cynowych II Wicemistrz\u00f3w Polski (1971, 1977, 1978, 1984, 1985)<br \/>\n<strong>4 III miejsca<\/strong> (1995, 1996, 1997, 1998)<\/p>\n<p><strong>Indywidualnie 37 razy i tak:<br \/>\n<\/strong><strong>1972<\/strong> Ryszard Maciejewski Wicemistrz Polski w klasie 125 ccm.<br \/>\n<strong>1973<\/strong> Zdzis\u0142aw Lewandowski Mistrz Polski w klasie 50 ccm<br \/>\nWies\u0142aw Be\u0142dowski M\u0142odzie\u017cowy Wicemistrz Polski kl.50 ccm<br \/>\nRyszard Maciejewski Wicemistrz Polski w klasie 125 ccm<br \/>\nRomuald Szerffel II Wicemistrz Polski klasa 125 ccm<br \/>\nStanis\u0142aw Paradowski M\u0142odzie\u017cowy Mistrz Polski kl.125 ccm<br \/>\n<strong>1974<\/strong> Zdzis\u0142aw Lewandowski Mistrz Polski w klasie 50 ccm<br \/>\nJerzy Paradowski II Wicemistrz Polski klasa 125 ccm<br \/>\n<strong>1975<\/strong> Zdzis\u0142aw Lewandowski Mistrz Polski w klasie 50 ccm<br \/>\n<strong>1979<\/strong> Kazimierz Kminikowski II Wicemistrz Polski klasa 250 ccm<br \/>\n<strong>1980<\/strong> Zdzis\u0142aw Lewandowski II Wicemistrz Polski klasa 175 ccm<br \/>\n<strong>1981<\/strong> Zdzis\u0142aw Lewandowski Wicemistrz Polski w klasie 175 ccm<br \/>\n<strong>1982<\/strong> Zdzis\u0142aw Lewandowski II Wicemistrz Polski w klasie 175 ccm<br \/>\n<strong>1983<\/strong> Piotr Uczniak II Wicemistrz Polski kl.50 ccm FSE<br \/>\n<strong>1984<\/strong> Zdzis\u0142aw Lewandowski Mistrz Polski w klasie 175 ccm<br \/>\n<strong>1985<\/strong> Zdzis\u0142aw Lewandowski II Wicemustrz Polski w klasie 175 ccm<br \/>\n<strong>1986<\/strong> Tomasz Gollob II Wicemistrz Polski kl.50 ccm FSE<br \/>\nPiotr Kopczy\u0144ski I m. w klasie 70 ccm FSE<br \/>\n<strong>1988<\/strong> Piotr Kacza\u0142a II Wicemistrz Polski kl.70 ccm FSE<br \/>\nPiotr Nawrocki II Wicemistrz Polski kl.250 ccm<br \/>\n<strong>1989<\/strong> Piotr Nawrocki Wicemistrz Polski &#8211; Formu\u0142a 250 ccm<br \/>\n<strong>1997<\/strong> Bartosz Zwolanowski II Wicemistrz Polski w klasie 80 ccm<br \/>\n<strong>1998<\/strong> Bartosz Zwolanowski Mistrz Polski w klasie 80 ccm<br \/>\n<strong>1999<\/strong> Bartosz Zwolanowski II Wicemistrz Polski w klasie 125 ccm NSR<br \/>\n<strong>2001<\/strong> Bartosz Zwolanowski III miejsce w klasie Supersport 400<br \/>\nMarcin Ka\u0142dowski\u00a0 Wicemistrz Polski w klasie Supersport 600<br \/>\n<strong>2002<\/strong> Marcin Ka\u0142dowski\u00a0 II wicemistrz Polski w klasie Supersport\u00a0 600<br \/>\n<strong>2003<\/strong> Marcin Ka\u0142dowski\u00a0 II wicemistrz Polski w klasie Supersport 600<br \/>\n<strong>2004<\/strong> Marcin Ka\u0142dowski\u00a0 I wicemistrz Polski w klasie Supersport 600<br \/>\nBartosz Zwolanowski I miejsce Pucharu PZM w klasie Honda CBR 125<br \/>\n<strong>2005<\/strong> Marcin Ka\u0142dowski\u00a0 Mistrz Polski w klasie Supersport 600<br \/>\n<strong>2006<\/strong> Marcin Ka\u0142dowski Mistrz Polski w klasie Superstock 600<br \/>\n<strong>2009<\/strong> Tomasz Grabowski I miejsce Pucharu Polski w klasie Suzuki GSX-R Cup pow. 600<br \/>\n<strong>2010<\/strong> Marcin Ka\u0142dowski II Wicemistrz Polski w klasie Supersport 600<br \/>\nPrzemys\u0142aw Piastowski I miejsce Pucharu Polski w klasie Honda CBR 125<br \/>\n<strong>2011<\/strong> Marcin Ka\u0142dowski II Wicemistrz Polski w klasie Supersport 600<br \/>\nPrzemys\u0142aw Piastowski I miejsce M\u0142odzie\u017cowego Pucharu Polski w klasie 125<\/p>\n<\/div>\n\n<div id=\"cmsmasters_heading_69ea4963e0b6d\" class=\"cmsmasters_heading_wrap cmsmasters_heading_align_left\">\n\t<h3 class=\"cmsmasters_heading\">Supermoto<\/h3>\n<\/div><div class=\"cmsmasters_text\">\n<p><strong>Dru\u017cynowo 1 raz w tym:<br \/>\n<\/strong><strong>2014<\/strong> III miejsce klubowo w Pucharze Polski<\/p>\n<p><strong>Indywidualnie 6 razy i tak:<br \/>\n<\/strong><strong>2009<\/strong> Marcin Rybski II Wicemistrz Polski w klasie S1<br \/>\nMarcin Rybski II Wicemistrz Polski w klasie Open<br \/>\n<strong>2011<\/strong> Marcin Rybski II Wicemistrz Polski w klasie S1<br \/>\nMicha\u0142 Rad\u0142owski III miejsce Pucharu Polski w klasie 250<br \/>\n<strong>2012<\/strong> Marcin Rybski Wicemistrz Polski w klasie S2<br \/>\n<strong>2014<\/strong> Micha\u0142 Pawlik I miejsce w Pucharze Polski w klasie C2<\/p>\n<\/div>\n\n<div id=\"cmsmasters_heading_69ea4963e0cfa\" class=\"cmsmasters_heading_wrap cmsmasters_heading_align_left\">\n\t<h3 class=\"cmsmasters_heading\">Motocross<\/h3>\n<\/div><div class=\"cmsmasters_text\">\n<p><strong>Indywidualnie 3 razy i tak:<br \/>\n<\/strong><strong>1986<\/strong> Jacek Gollob Mistrz Polski w klasie 50 FSE<br \/>\nTomasz Gollob Wicemistrz Polski w klasie 50 FSE<br \/>\n<strong>2014<\/strong> Jan Santus III miejsce w Pucharze Polski w klasie MX 65<\/p>\n<\/div>\n\n<div id=\"cmsmasters_heading_69ea4963e0e69\" class=\"cmsmasters_heading_wrap cmsmasters_heading_align_left\">\n\t<h3 class=\"cmsmasters_heading\">Country Cross (Enduro)<\/h3>\n<\/div><div class=\"cmsmasters_text\">\n<p><strong>Indywidualnie 2 razy i tak:<br \/>\n<\/strong><strong>2006<\/strong> Adam Lewandowski III miejsce Pucharu PZM w klasie Open B<br \/>\n<strong>2008 <\/strong>Robert Po\u0142czy\u0144ski III miejsce Pucharu PZM w klasie Weteran<\/p>\n<\/div>\n\n<div id=\"cmsmasters_heading_69ea4963e0f60\" class=\"cmsmasters_heading_wrap cmsmasters_heading_align_left\">\n\t<h3 class=\"cmsmasters_heading\">Rajdy obserwowane (trial)<\/h3>\n<\/div><div class=\"cmsmasters_text\">\n<p><strong>Indywidualnie 11 razy i tak:<br \/>\n<\/strong><strong>1991<\/strong> Jacek Olech Wicemistrz Polski grupa A<br \/>\nJacek Olech Mistrz Polski Junior\u00f3w<br \/>\n<strong>1992<\/strong> Jacek Olech II Wicemistrz Polski grupa A<br \/>\n<strong>1993<\/strong> Jacek Olech Mistrz Polski Senior\u00f3w<br \/>\n<strong>2005<\/strong> Jaros\u0142aw Ja\u017cdzewski II miejsce Pucharu PZM w klasie otwartej<br \/>\n<strong>2006<\/strong> Jacek Olech Mistrz Polski Senior\u00f3w<br \/>\nJaros\u0142aw Ja\u017cdzewski II miejsce Pucharu PZM w klasie otwartej<br \/>\nEdyta Jakubowska-Olech II miejsce Pucharu PZM Kobiet<br \/>\n<strong>2007 <\/strong>Jacek Olech II Wicemistrz Polski Senior\u00f3w<br \/>\nEdyta Jakubowska-Olech III miejsce Pucharu PZM Kobiet<br \/>\n<strong>2008 <\/strong>Jacek Olech Wicemistrz Polski Senior\u00f3w<\/p>\n<\/div>\n\n<div id=\"cmsmasters_heading_69ea4963e10fb\" class=\"cmsmasters_heading_wrap cmsmasters_heading_align_left\">\n\t<h2 class=\"cmsmasters_heading\">Samochody<\/h2>\n<\/div>\n<div id=\"cmsmasters_heading_69ea4963e1165\" class=\"cmsmasters_heading_wrap cmsmasters_heading_align_left\">\n\t<h3 class=\"cmsmasters_heading\">Rallycross<\/h3>\n<\/div><div class=\"cmsmasters_text\">\n<p><strong>Indywidualnie 1 raz i tak:<br \/>\n<\/strong><strong>2006<\/strong> Marcin Gagacki II Wicemistrz Polski w klasie 4<\/p>\n<p>&nbsp;<\/p>\n<\/div>\n\n<div id=\"cmsmasters_heading_69ea4963e124c\" class=\"cmsmasters_heading_wrap cmsmasters_heading_align_left\">\n\t<h3 class=\"cmsmasters_heading\">Wy\u015bcigi g\u00f3rskie<\/h3>\n<\/div><div class=\"cmsmasters_text\">\n<p><strong>Indywidualnie 1 raz i tak:<br \/>\n<\/strong><strong>1998<\/strong> Piotr Go\u0142dyn II miejsce w klasie 900 CC<\/p>\n<\/div>\n\n<div id=\"cmsmasters_heading_69ea4963e131e\" class=\"cmsmasters_heading_wrap cmsmasters_heading_align_left\">\n\t<h3 class=\"cmsmasters_heading\">Rajdy samochodowe<\/h3>\n<\/div><div class=\"cmsmasters_text\">\n<p><strong>Indywidualnie 6 razy i tak:<br \/>\n<\/strong><strong>2003<\/strong> Marcin Gagacki III miejsce w gr.N &#8211; Rajdowy Samochodowy Puchar PZM<br \/>\nMarcin Gagacki III miejsce w gr. N3 &#8211; Rajdowy Samochodowy Puchar PZM<br \/>\n<strong>2010<\/strong> Marcin Gagacki II miejsce w klasie A7 &#8211; Rajdowe Samochodowe Mistrzostwa Polski<br \/>\n<strong>2011<\/strong> Marcin Gagacki Mistrz Polski w klasie N3 &#8211; Rajdowe Samochodowe Mistrzostwa Polski<br \/>\n<strong>2012<\/strong> Marcin Gagacki II Wicemistrz Polski w gr. N &#8211; Rajdowe Samochodowe Mistrzostwa Polski<br \/>\n<strong>2013<\/strong> Marcin Gagacki Mistrz Polski w gr. N &#8211; Rajdowe Samochodowe Mistrzostwa Polski<\/p>\n<\/div>\n\n<div id=\"cmsmasters_heading_69ea4963e1445\" class=\"cmsmasters_heading_wrap cmsmasters_heading_align_left\">\n\t<h2 class=\"cmsmasters_heading\">CYKLOTRIAL<\/h2>\n<\/div><div class=\"cmsmasters_text\">\n<p><strong>Dru\u017cynowo 2 razy i tak:<br \/>\n<\/strong><strong>1997<\/strong> II Wicemistrz Polski<br \/>\nII miejsce w klasyfikacji M\u0141ODZIK<\/p>\n<p><strong>Indywidualnie 1 raz i tak:<br \/>\n<\/strong><strong>1997<\/strong> Magdalena Sekita II miejsce w klasie F (Femine)<\/p>\n<\/div>\n\n<div id=\"cmsmasters_heading_69ea4963e1558\" class=\"cmsmasters_heading_wrap cmsmasters_heading_align_left\">\n\t<h2 class=\"cmsmasters_heading\">KARTING<\/h2>\n<\/div><div class=\"cmsmasters_text\">\n<p><strong>Dru\u017cynowo 1 raz i tak:<br \/>\n2005<\/strong> Kartingowy II Wicemistrz Polski w kategorii Vortex ROK 125<\/p>\n<p><strong>Indywidualnie 4 razy i tak:<br \/>\n2002<\/strong> \u0141ukasz Szufrajda\u00a0 III miejsce Pucharu PZM\u00a0 w kategorii wy\u015bcigowej<br \/>\n<strong>2003<\/strong> \u0141ukasz Szufrajda Kartingowy Mistrz Polski w kategorii wy\u015bcigowej<br \/>\n<strong>2004<\/strong> \u0141ukasz Szufrajda III miejsce Pucharu PZM w kategorii wy\u015bcigowej<br \/>\n<strong>2005<\/strong> Kuba Strze\u015bniewski Kartingowy Wicemistrz Polski w kategorii Intercontinental A<\/p>\n<\/div>\n\n<div id=\"cmsmasters_heading_69ea4963e16ec\" class=\"cmsmasters_heading_wrap cmsmasters_heading_align_left\">\n\t<h2 class=\"cmsmasters_heading\">TURYSTYKA MOTOROWA<\/h2>\n<\/div><div class=\"cmsmasters_text\">\n<p><strong>Indywidualnie 1 raz i tak:<br \/>\n2010<\/strong> Zygmunt Gwizda\u0142a\/Henryk O\u017cga III miejsce Turystycznego Pucharu Polski<\/p>\n<\/div>\n<\/div>\n<\/div>\n<\/div>\n<\/div>\n<\/div>\n<\/div>\n<div id=\"cmsmasters_row_69ea4963e1a21\" class=\"cmsmasters_row cmsmasters_color_scheme_default jump\">\n<div id=\"wyroznienia\" class=\"cmsmasters_row_outer_parent\">\n<div class=\"cmsmasters_row_outer\">\n<div class=\"cmsmasters_row_inner\">\n<div class=\"cmsmasters_row_margin\">\n<div class=\"cmsmasters_column one_first\">\n\n<div id=\"cmsmasters_heading_69ea4963e1ce7\" class=\"cmsmasters_heading_wrap cmsmasters_heading_align_left\">\n\t<h1 class=\"cmsmasters_heading\">Wyr\u00f3\u017cnienia<\/h1>\n<\/div><div class=\"cmsmasters_text\">\n<p><strong>Dziesi\u0119ciu naszych zawodnik\u00f3w nale\u017ca\u0142o do motocyklowej kadry narodowej.<br \/>\n<\/strong>Byli to Koledzy:\u00a0Ryszard Gordon, Romuald Szerffel, Ryszard Maciejewski, Zdzis\u0142aw Lewandowski, Kazimierz Kminikowski, Piotr Nawrocki, Piotr Kacza\u0142a, Jacek Olech, Marcin Ka\u0142dowski, Marcin Rybski. Kolega Zdzis\u0142aw Lewandowski w roku 1981 zosta\u0142 przez \u00f3wczesny Komitet M\u0142odzie\u017cy i Kultury Fizycznej uhonorowany tytu\u0142em MISTRZA SPORTU.<\/p>\n<p><strong>Za osi\u0105gni\u0119te wyniki sportowe i turystyczne wyr\u00f3\u017cniono nasz klub w latach:<br \/>\n<\/strong><strong>1974<\/strong> przez redakcj\u0119 &#8220;Wiadomo\u015bci Sportowych&#8221; &#8211; sportowym znakiem jako\u015bci OMEGA<br \/>\n<strong>1981<\/strong> przez Towarzystwo Mi\u0142o\u015bnik\u00f3w Ziemi Koronowskiej &#8211; Medalem imienia Stanis\u0142awa Brz\u0119czkowskiego<br \/>\n<strong>1988<\/strong> przez Rad\u0119 G\u0142\u00f3wn\u0105 Zrzeszenia LZS &#8211; Zbiorow\u0105 Z\u0142ot\u0105 Odznak\u0105 Honorow\u0105 LZS<br \/>\n<strong>1989<\/strong> przez Zarz\u0105d Wojew\u00f3dzki PTTK w Bydgoszczy &#8211; Medalem &#8220;Za Szczeg\u00f3lne Zas\u0142ugi dla PTTK&#8221;<br \/>\n<strong>1993<\/strong> przez Zarz\u0105d G\u0142\u00f3wny PZM &#8211; Z\u0142ot\u0105 Odznak\u0105 Honorow\u0105 PZM<br \/>\n<strong>1995<\/strong> przez Burmistrza Koronowa &#8211; Medalem &#8220;Za Zas\u0142ugi dla Ziemi Koronowskiej&#8221;<br \/>\n<strong>1996<\/strong> przez TUiR WARTA SA O\/Bydgoszcz &#8211; Medalem 75-lecia Towarzystwa Ubezpiecze\u0144 i Reasekuracji WARTA<br \/>\n<strong>1997<\/strong> przez Zarz\u0105d G\u0142\u00f3wny LOK ? Srebrnym Medalem &#8220;Za Zas\u0142ugi dla Ligi Obrony Narodowej&#8221;<br \/>\n<strong>2003<\/strong> przez Ministerstwo Gospodarki, Pracy i Spraw Socjalnych &#8211; Odznak\u0105 &#8220;Za Zas\u0142ugi dla Turystyki&#8221;<br \/>\n<strong>2004<\/strong> przez Wojewod\u0119 Kujawsko-Pomorskiego &#8211; Medalem &#8220;Wojewody Kujawsko-Pomorskiego&#8221;<br \/>\n<strong>2013<\/strong> przez Sejmik Wojew\u00f3dztwa Kujawsko-Pomorskiego &#8211; &#8220;Odznak\u0105 honorow\u0105 za zas\u0142ugi dla wojew\u00f3dztwa kujawsko-pomorskiego&#8221;<br \/>\n<strong>2013<\/strong> przez Zarz\u0105d Powiaty Bydgoskiego &#8211; Medalem Starosty Bydgoskiego &#8220;Za zas\u0142ugi dla powiatu&#8221;<\/p>\n<p><strong>Za prac\u0119 spo\u0142eczn\u0105 na rzecz rozwoju i popularyzacji sportu motorowego oraz turystyki, cz\u0142onkowie naszego klubu zostali przez w\u0142adze sportowe i turystyczne uhonorowani odznaczeniami i odznakimi:<br \/>\n<\/strong>Z\u0142oty Krzy\u017c Zas\u0142ugi &#8211; 2 osoby<br \/>\nSrebrny Krzy\u017c Zas\u0142ugi &#8211; 5 os\u00f3b<br \/>\nBr\u0105zowy Krzy\u017c Zas\u0142ugi &#8211; 4 osoby<br \/>\nOdznaka Z\u0142ota &#8220;Za Zas\u0142ugi dla Sportu&#8221; &#8211; 1 osoba<br \/>\nOdznaka Srebrna &#8220;Za Zas\u0142ugi dla Sportu&#8221; &#8211; 6 os\u00f3b<br \/>\nOdznaka Br\u0105zowa &#8220;Za Zas\u0142ugi dla Sportu&#8221; &#8211;\u00a0 5 os\u00f3b<br \/>\nZas\u0142u\u017cony Dzia\u0142acz Kultury Fizycznej &#8211; 11 os\u00f3b<br \/>\nZas\u0142u\u017cony Dzia\u0142acz Turystyki &#8211; 14 os\u00f3b<br \/>\nOdznaka &#8220;Za Zas\u0142ugi dla Turystyki&#8221; &#8211; 14 os\u00f3b<br \/>\nZas\u0142u\u017cony Dzia\u0142acz LZS &#8211; 38 os\u00f3b<br \/>\nOdznaki Honorowe LZS &#8211; 168 osoby<br \/>\nZas\u0142u\u017cony Dzia\u0142acz PZMot. &#8211; 14 os\u00f3b<br \/>\nOdznaki Honorowe PZMot .- 129 os\u00f3b<br \/>\nMedal Wydzia\u0142u KFIT UW Bydgoszcz &#8211; 6 os\u00f3b<br \/>\nOdznaki Honorowe LOK &#8211; 19 os\u00f3b<br \/>\nOdznaka Opiekuna Miejsc Pami\u0119ci Narodowej &#8211; 8 os\u00f3b<br \/>\nOdznaka &#8211; Mi\u0142o\u015bnik Brdy 5 os\u00f3b<\/p>\n<p><strong>Z wielk\u0105 przyjemno\u015bci\u0105 informuj\u0119, \u017ce nasze osi\u0105gni\u0119cia sportowe zosta\u0142y opublikowane w wydawnictwach takich jak:<br \/>\n<\/strong>40 lat w S\u0142u\u017cbie Motoryzacji Historia Polskiego Zwi\u0105zku Motorowego &#8211; 1991 r.<br \/>\n100 lat Sportu na Kujawach i Pomorzu &#8211; COIT &#8211; 1993 r.<br \/>\n100 lat Sportu w Koronowie Urz\u0105d Miasta Koronowo &#8211; 1995 r.<br \/>\nOraz w wielu artyku\u0142ach i publikacjach prasowych.<\/p>\n<\/div>\n<\/div>\n<\/div>\n<\/div>\n<\/div>\n<\/div>\n<\/div>\n<\/p>","protected":false},"excerpt":{"rendered":"<p>Sorry, this entry is only available in Polish. For the sake of viewer convenience, the content is shown below in the alternative language. You may click the link to switch the active language. W okresie od roku 1971 do 2022, dzia\u0142acze naszego klubu byli organizatorami 97 najwi\u0119kszych imprez motocyklowych w Polsce i tak: &#8211; 5&#8230;<\/p>\n","protected":false},"author":1,"featured_media":4690,"parent":0,"menu_order":0,"comment_status":"closed","ping_status":"closed","template":"","meta":[],"yoast_head":"<!-- This site is optimized with the Yoast SEO plugin v15.2.1 - https:\/\/yoast.com\/wordpress\/plugins\/seo\/ -->\n<title>Osi\u0105gni\u0119cia - LKT Wycz\u00f3\u0142 Go\u015bcieradz Polska<\/title>\n<meta name=\"robots\" content=\"index, follow, max-snippet:-1, max-image-preview:large, max-video-preview:-1\" \/>\n<link rel=\"canonical\" href=\"https:\/\/www.lktwg.com\/osiagniecia\/\" \/>\n<meta property=\"og:locale\" content=\"en_US\" \/>\n<meta property=\"og:type\" content=\"article\" \/>\n<meta property=\"og:title\" content=\"Osi\u0105gni\u0119cia - LKT Wycz\u00f3\u0142 Go\u015bcieradz Polska\" \/>\n<meta property=\"og:description\" content=\"Sorry, this entry is only available in Polish. For the sake of viewer convenience, the content is shown below in the alternative language. You may click the link to switch the active language. W okresie od roku 1971 do 2022, dzia\u0142acze naszego klubu byli organizatorami 97 najwi\u0119kszych imprez motocyklowych w Polsce i tak: &#8211; 5...\" \/>\n<meta property=\"og:url\" content=\"https:\/\/www.lktwg.com\/osiagniecia\/\" \/>\n<meta property=\"og:site_name\" content=\"LKT Wycz\u00f3\u0142 Go\u015bcieradz Polska\" \/>\n<meta property=\"article:publisher\" content=\"https:\/\/www.facebook.com\/lktwyczol\/\" \/>\n<meta property=\"article:modified_time\" content=\"2023-01-15T08:01:47+00:00\" \/>\n<meta name=\"twitter:card\" content=\"summary\" \/>\n<meta name=\"twitter:image\" content=\"https:\/\/www.lktwg.com\/wp-content\/uploads\/2023\/01\/LKT-Tytuly-MP-do-2022.jpg\" \/>\n<meta name=\"twitter:label1\" content=\"Written by\">\n\t<meta name=\"twitter:data1\" content=\"admin\">\n\t<meta name=\"twitter:label2\" content=\"Est. reading time\">\n\t<meta name=\"twitter:data2\" content=\"15 minutes\">\n<script type=\"application\/ld+json\" class=\"yoast-schema-graph\">{\"@context\":\"https:\/\/schema.org\",\"@graph\":[{\"@type\":\"WebSite\",\"@id\":\"https:\/\/www.lktwg.com\/en\/#website\",\"url\":\"https:\/\/www.lktwg.com\/en\/\",\"name\":\"LKT Wycz\\u00f3\\u0142 Go\\u015bcieradz Polska\",\"description\":\"Ludowy Klub Turystyczny\",\"potentialAction\":[{\"@type\":\"SearchAction\",\"target\":\"https:\/\/www.lktwg.com\/en\/?s={search_term_string}\",\"query-input\":\"required name=search_term_string\"}],\"inLanguage\":\"en-US\"},{\"@type\":\"ImageObject\",\"@id\":\"https:\/\/www.lktwg.com\/osiagniecia\/#primaryimage\",\"inLanguage\":\"en-US\",\"url\":\"https:\/\/www.lktwg.com\/wp-content\/uploads\/2023\/01\/LKT-Tytuly-MP-do-2022.jpg\",\"width\":778,\"height\":453},{\"@type\":\"WebPage\",\"@id\":\"https:\/\/www.lktwg.com\/osiagniecia\/#webpage\",\"url\":\"https:\/\/www.lktwg.com\/osiagniecia\/\",\"name\":\"Osi\\u0105gni\\u0119cia - LKT Wycz\\u00f3\\u0142 Go\\u015bcieradz Polska\",\"isPartOf\":{\"@id\":\"https:\/\/www.lktwg.com\/en\/#website\"},\"primaryImageOfPage\":{\"@id\":\"https:\/\/www.lktwg.com\/osiagniecia\/#primaryimage\"},\"datePublished\":\"2017-01-26T14:32:53+00:00\",\"dateModified\":\"2023-01-15T08:01:47+00:00\",\"inLanguage\":\"en-US\",\"potentialAction\":[{\"@type\":\"ReadAction\",\"target\":[\"https:\/\/www.lktwg.com\/osiagniecia\/\"]}]}]}<\/script>\n<!-- \/ Yoast SEO plugin. -->","_links":{"self":[{"href":"https:\/\/www.lktwg.com\/en\/wp-json\/wp\/v2\/pages\/320"}],"collection":[{"href":"https:\/\/www.lktwg.com\/en\/wp-json\/wp\/v2\/pages"}],"about":[{"href":"https:\/\/www.lktwg.com\/en\/wp-json\/wp\/v2\/types\/page"}],"author":[{"embeddable":true,"href":"https:\/\/www.lktwg.com\/en\/wp-json\/wp\/v2\/users\/1"}],"replies":[{"embeddable":true,"href":"https:\/\/www.lktwg.com\/en\/wp-json\/wp\/v2\/comments?post=320"}],"version-history":[{"count":27,"href":"https:\/\/www.lktwg.com\/en\/wp-json\/wp\/v2\/pages\/320\/revisions"}],"predecessor-version":[{"id":4694,"href":"https:\/\/www.lktwg.com\/en\/wp-json\/wp\/v2\/pages\/320\/revisions\/4694"}],"wp:featuredmedia":[{"embeddable":true,"href":"https:\/\/www.lktwg.com\/en\/wp-json\/wp\/v2\/media\/4690"}],"wp:attachment":[{"href":"https:\/\/www.lktwg.com\/en\/wp-json\/wp\/v2\/media?parent=320"}],"curies":[{"name":"wp","href":"https:\/\/api.w.org\/{rel}","templated":true}]}}