{"id":19,"date":"2017-01-16T12:54:56","date_gmt":"2017-01-16T11:54:56","guid":{"rendered":"http:\/\/test.lktwg.com\/?page_id=19"},"modified":"2017-02-22T10:01:57","modified_gmt":"2017-02-22T09:01:57","slug":"kontakt","status":"publish","type":"page","link":"https:\/\/www.lktwg.com\/en\/kontakt\/","title":{"rendered":"Contact"},"content":{"rendered":"<style type=\"text\/css\"> \n#cmsmasters_row_69ea4822cb4b4 .cmsmasters_row_outer_parent { \n\tpadding-top: 0px; \n} \n\n#cmsmasters_row_69ea4822cb4b4 .cmsmasters_row_outer_parent { \n\tpadding-bottom: 0px; \n} \n\n \n#cmsmasters_row_69ea4822cbeeb .cmsmasters_row_outer_parent { \n\tpadding-top: 0px; \n} \n\n#cmsmasters_row_69ea4822cbeeb .cmsmasters_row_outer_parent { \n\tpadding-bottom: 20px; \n} \n\n \n#cmsmasters_divider_69ea4822cc0e6 { \n\tborder-bottom-width:1px; \n\tborder-bottom-style:solid; \n\tpadding-top:10px; \n\tmargin-bottom:10px; \n} \n \n#cmsmasters_row_69ea4822cc1b3 .cmsmasters_row_outer_parent { \n\tpadding-top: 0px; \n} \n\n#cmsmasters_row_69ea4822cc1b3 .cmsmasters_row_outer_parent { \n\tpadding-bottom: 0px; \n} \n\n \n#cmsmasters_row_69ea4822cc3ee .cmsmasters_row_outer_parent { \n\tpadding-top: 0px; \n} \n\n#cmsmasters_row_69ea4822cc3ee .cmsmasters_row_outer_parent { \n\tpadding-bottom: 50px; \n} \n\n\n#google_map_69ea4822cc67f{\n\theight: 400px;\n}\n \n#cmsmasters_row_69ea4822cc77b .cmsmasters_row_outer_parent { \n\tpadding-top: 0px; \n} \n\n#cmsmasters_row_69ea4822cc77b .cmsmasters_row_outer_parent { \n\tpadding-bottom: 0px; \n} \n\n \n#cmsmasters_row_69ea4822ccfd4 .cmsmasters_row_outer_parent { \n\tpadding-top: 0px; \n} \n\n#cmsmasters_row_69ea4822ccfd4 .cmsmasters_row_outer_parent { \n\tpadding-bottom: 20px; \n} \n\n \n#cmsmasters_divider_69ea4822cd120 { \n\tborder-bottom-width:1px; \n\tborder-bottom-style:solid; \n\tpadding-top:10px; \n\tmargin-bottom:10px; \n} \n \n#cmsmasters_row_69ea4822cd1e9 .cmsmasters_row_outer_parent { \n\tpadding-top: 0px; \n} \n\n#cmsmasters_row_69ea4822cd1e9 .cmsmasters_row_outer_parent { \n\tpadding-bottom: 0px; \n} \n\n \n#cmsmasters_row_69ea4822cd401 .cmsmasters_row_outer_parent { \n\tpadding-top: 0px; \n} \n\n#cmsmasters_row_69ea4822cd401 .cmsmasters_row_outer_parent { \n\tpadding-bottom: 50px; \n} \n\n\n#google_map_69ea4822cd5ef{\n\theight: 400px;\n}\n<\/style><p><div id=\"cmsmasters_row_69ea4822cc77b\" class=\"cmsmasters_row cmsmasters_color_scheme_default\">\n<div class=\"cmsmasters_row_outer_parent\">\n<div class=\"cmsmasters_row_outer\">\n<div class=\"cmsmasters_row_inner\">\n<div class=\"cmsmasters_row_margin\">\n<div class=\"cmsmasters_column one_first\">\n<div class=\"cmsmasters_text\">\n<h2>Contact us<\/h2>\n<\/div>\n<\/div>\n<\/div>\n<\/div>\n<\/div>\n<\/div>\n<\/div>\n<div id=\"cmsmasters_row_69ea4822cc9b9\" class=\"cmsmasters_row cmsmasters_color_scheme_default\">\n<div class=\"cmsmasters_row_outer_parent\">\n<div class=\"cmsmasters_row_outer\">\n<div class=\"cmsmasters_row_inner\">\n<div class=\"cmsmasters_row_margin\">\n<div class=\"cmsmasters_column one_half\">\n<div class=\"cmsmasters_text\">\n<p><strong>LKT &#8220;Wycz\u00f3\u0142&#8221; Go\u015bcieradz<br \/>\n<\/strong>86-011 Wtelno<br \/>\nKujawsko-Pomorskie<br \/>\nPoland<\/p>\n<p><a href=\"mailto:kontakt@lktwg.com\">kontakt@lktwg.com<\/a><\/p>\n<p><strong>Bartosz Zwolanowski<br \/>\n<\/strong>President<br \/>\n<a href=\"mailto:bartek@lktwg.com\">bartek@lktwg.com<\/a><\/p>\n<\/div>\n<\/div>\n<div class=\"cmsmasters_column one_half\">\n<div class=\"cmsmasters_text\">\n<p><strong>KRS<\/strong>: 0000025734<br \/>\n<strong>NIP<\/strong>: 967-05-39-102<br \/>\n<strong>REGON<\/strong>: 092934975<br \/>\n<strong>Bank account:<\/strong> BS Koronowo 91 8144 0005 2001 0000 0358 0001<\/p>\n<p>Contact regarding organizing motorcycling events in Kujawsko-Pomorskie region:<br \/>\n<strong>Zarz\u0105d Okr\u0119gowy Polskiego Zwi\u0105zku Motorowego in Bydgoszcz<br \/>\n<\/strong>tel. +48 (052) 345-20-44<\/p>\n<\/div>\n<\/div>\n<\/div>\n<\/div>\n<\/div>\n<\/div>\n<\/div>\n<div id=\"cmsmasters_row_69ea4822ccfd4\" class=\"cmsmasters_row cmsmasters_color_scheme_default\">\n<div class=\"cmsmasters_row_outer_parent\">\n<div class=\"cmsmasters_row_outer\">\n<div class=\"cmsmasters_row_inner\">\n<div class=\"cmsmasters_row_margin\">\n<div class=\"cmsmasters_column one_first\">\n\n<div id=\"cmsmasters_divider_69ea4822cd120\" class=\"cmsmasters_divider cmsmasters_divider_width_long cmsmasters_divider_pos_center\"><\/div>\n<\/div>\n<\/div>\n<\/div>\n<\/div>\n<\/div>\n<\/div>\n<div id=\"cmsmasters_row_69ea4822cd1e9\" class=\"cmsmasters_row cmsmasters_color_scheme_default\">\n<div class=\"cmsmasters_row_outer_parent\">\n<div class=\"cmsmasters_row_outer\">\n<div class=\"cmsmasters_row_inner\">\n<div class=\"cmsmasters_row_margin\">\n<div class=\"cmsmasters_column one_first\">\n<div class=\"cmsmasters_text\">\n<h2>Map<\/h2>\n<\/div>\n<\/div>\n<\/div>\n<\/div>\n<\/div>\n<\/div>\n<\/div>\n<div id=\"cmsmasters_row_69ea4822cd401\" class=\"cmsmasters_row cmsmasters_color_scheme_default\">\n<div class=\"cmsmasters_row_outer_parent\">\n<div class=\"cmsmasters_row_outer\">\n<div class=\"cmsmasters_row_inner\">\n<div class=\"cmsmasters_row_margin\">\n<div class=\"cmsmasters_column one_first\">\n\n<script type=\"text\/javascript\">jQuery(document).ready(function () { jQuery(\"#google_map_69ea4822cd5ef\").gMap( { address: \"Wtelno\", maptype: \"ROADMAP\", zoom: 14, scrollwheel: true, doubleClickZoom: true, controls: {panControl: true, zoomControl: true, mapTypeControl: true, scaleControl: true, streetViewControl: true, overviewMapControl: true, },markers: [{address: \"Wtelno\",},] } ); } );<\/script>\n<div id=\"google_map_69ea4822cd5ef\" class=\"google_map\"><\/div>\n<\/div>\n<\/div>\n<\/div>\n<\/div>\n<\/div>\n<\/div>\n<\/p>","protected":false},"excerpt":{"rendered":"","protected":false},"author":1,"featured_media":0,"parent":0,"menu_order":7,"comment_status":"closed","ping_status":"closed","template":"","meta":[],"yoast_head":"<!-- This site is optimized with the Yoast SEO plugin v15.2.1 - https:\/\/yoast.com\/wordpress\/plugins\/seo\/ -->\n<title>Contact - LKT Wycz\u00f3\u0142 Go\u015bcieradz Polska<\/title>\n<meta name=\"robots\" content=\"index, follow, max-snippet:-1, max-image-preview:large, max-video-preview:-1\" \/>\n<link rel=\"canonical\" href=\"https:\/\/www.lktwg.com\/en\/kontakt\/\" \/>\n<meta property=\"og:locale\" content=\"en_US\" \/>\n<meta property=\"og:type\" content=\"article\" \/>\n<meta property=\"og:title\" content=\"Contact - LKT Wycz\u00f3\u0142 Go\u015bcieradz Polska\" \/>\n<meta property=\"og:url\" content=\"https:\/\/www.lktwg.com\/en\/kontakt\/\" \/>\n<meta property=\"og:site_name\" content=\"LKT Wycz\u00f3\u0142 Go\u015bcieradz Polska\" \/>\n<meta property=\"article:publisher\" content=\"https:\/\/www.facebook.com\/lktwyczol\/\" \/>\n<meta property=\"article:modified_time\" content=\"2017-02-22T09:01:57+00:00\" \/>\n<meta name=\"twitter:card\" content=\"summary\" \/>\n<meta name=\"twitter:label1\" content=\"Written by\">\n\t<meta name=\"twitter:data1\" content=\"admin\">\n\t<meta name=\"twitter:label2\" content=\"Est. reading time\">\n\t<meta name=\"twitter:data2\" content=\"2 minutes\">\n<script type=\"application\/ld+json\" class=\"yoast-schema-graph\">{\"@context\":\"https:\/\/schema.org\",\"@graph\":[{\"@type\":\"WebSite\",\"@id\":\"https:\/\/www.lktwg.com\/en\/#website\",\"url\":\"https:\/\/www.lktwg.com\/en\/\",\"name\":\"LKT Wycz\\u00f3\\u0142 Go\\u015bcieradz Polska\",\"description\":\"Ludowy Klub Turystyczny\",\"potentialAction\":[{\"@type\":\"SearchAction\",\"target\":\"https:\/\/www.lktwg.com\/en\/?s={search_term_string}\",\"query-input\":\"required name=search_term_string\"}],\"inLanguage\":\"en-US\"},{\"@type\":\"WebPage\",\"@id\":\"https:\/\/www.lktwg.com\/en\/kontakt\/#webpage\",\"url\":\"https:\/\/www.lktwg.com\/en\/kontakt\/\",\"name\":\"Contact - LKT Wycz\\u00f3\\u0142 Go\\u015bcieradz Polska\",\"isPartOf\":{\"@id\":\"https:\/\/www.lktwg.com\/en\/#website\"},\"datePublished\":\"2017-01-16T11:54:56+00:00\",\"dateModified\":\"2017-02-22T09:01:57+00:00\",\"inLanguage\":\"en-US\",\"potentialAction\":[{\"@type\":\"ReadAction\",\"target\":[\"https:\/\/www.lktwg.com\/en\/kontakt\/\"]}]}]}<\/script>\n<!-- \/ Yoast SEO plugin. -->","_links":{"self":[{"href":"https:\/\/www.lktwg.com\/en\/wp-json\/wp\/v2\/pages\/19"}],"collection":[{"href":"https:\/\/www.lktwg.com\/en\/wp-json\/wp\/v2\/pages"}],"about":[{"href":"https:\/\/www.lktwg.com\/en\/wp-json\/wp\/v2\/types\/page"}],"author":[{"embeddable":true,"href":"https:\/\/www.lktwg.com\/en\/wp-json\/wp\/v2\/users\/1"}],"replies":[{"embeddable":true,"href":"https:\/\/www.lktwg.com\/en\/wp-json\/wp\/v2\/comments?post=19"}],"version-history":[{"count":16,"href":"https:\/\/www.lktwg.com\/en\/wp-json\/wp\/v2\/pages\/19\/revisions"}],"predecessor-version":[{"id":542,"href":"https:\/\/www.lktwg.com\/en\/wp-json\/wp\/v2\/pages\/19\/revisions\/542"}],"wp:attachment":[{"href":"https:\/\/www.lktwg.com\/en\/wp-json\/wp\/v2\/media?parent=19"}],"curies":[{"name":"wp","href":"https:\/\/api.w.org\/{rel}","templated":true}]}}